{"id":1222,"date":"2020-06-21T14:03:54","date_gmt":"2020-06-21T13:03:54","guid":{"rendered":"http:\/\/brattensby.se\/?page_id=1222"},"modified":"2022-10-15T18:51:40","modified_gmt":"2022-10-15T17:51:40","slug":"stommens-historia","status":"publish","type":"page","link":"http:\/\/brattensby.se\/?page_id=1222","title":{"rendered":"Stommens historia"},"content":{"rendered":"\n<p>G\u00e5rdar med namnet Stommen finns i m\u00e5nga socknar. Namnet betecknade under medeltiden ett hemman i en annexf\u00f6rsamling i ett pastorat, vars skatt tillf\u00f6ll pastoratets pr\u00e4ster. Efter reformationen \u00f6vertog kronan undan f\u00f6r undan praktiskt taget all kyrkojord och Stommen i Br\u00e5ttensby \u00f6vergick formellt fr\u00e5n kyrko till krono p\u00e5 1630-talet. Redan 1652 s\u00e5lde kronan g\u00e5rden till fru Beata Delagardie, och g\u00e5rden blev s\u00e5ledes fr\u00e4lse, vilket den f\u00f6rblev till slutet av 1700-talet d\u00e5 den \u00e4gdes av Major Lars Wahlfelt p\u00e5 Ribbingsberg, S H\u00e4rene. \u00c5r 1799 frik\u00f6ptes g\u00e5rden av \u00e5boerna. G\u00e5rden var till en b\u00f6rjan ett helt mantal men f\u00f6rmedlades 1678 till ett halvt.<\/p>\n\n\n\n<p><strong><em>Mitten av 1500-talet<\/em><\/strong><br>I den f\u00f6rsta jordeboken 1546 kallas bonden Anders. F\u00f6rmodligen avses samma person som den <strong>Anders<\/strong> <strong>H\u00e5kansson<\/strong> som n\u00e4mns 1556 och 1566.<\/p>\n\n\n\n<p>G\u00e5rden tas inte upp i jordeboken 1567 och anges som \u00f6de 1568. \u00c5r 1567 var Skatteg\u00e5rden \u201dbr\u00e4nd\u201d, och kanske hade Stommen g\u00e5tt samma \u00f6de till m\u00f6tes. Den danska h\u00e4ren h\u00e4rjade i trakten kring de h\u00e4r \u00e5ren.<\/p>\n\n\n\n<p><strong><em>Ca 1570 \u2014 ca 1595<\/em><\/strong><br>Vid \u00c4lvsborgs l\u00f6sen 1571 kallas bonden <strong>Nils Andersson<\/strong>. Namnet Nils n\u00e4mns d\u00e4refter i tiondel\u00e4ngderna in p\u00e5 1590-talet.<\/p>\n\n\n\n<p><strong><em>Ca 1595\u2014 ca 1627<\/em><\/strong><br>Senast fr\u00e5n \u00e5r 1600 fanns tv\u00e5 parallella brukare: <strong>Anders Nilsson<\/strong> och <strong>Gunne<\/strong>, d\u00e4r den senare snart avl\u00f6stes av <strong>Jon<\/strong>.<\/p>\n\n\n\n<p><strong><em>Ca 1627 \u2014 andra halvan av 1670-talet<\/em><\/strong><br>Fr\u00e5n 1629 var dock <strong>Nils Andersson<\/strong> ensam brukare av hela g\u00e5rden. Det \u00e4r t\u00e4nkbart att han var son till Anders och barnbarn till sin namne fr\u00e5n 1500-talet. Han verkar ha varit \u00e4nkling kring 1640 men gifte kort d\u00e4refter om sig. Hans senare hustru var f\u00f6rmodligen den <strong>Ingrid Arvidsdotter<\/strong> som n\u00e4mns i mantalsl\u00e4ngden d\u00e5 han sj\u00e4lv f\u00f6rsvinner d\u00e4r 1670, och som \u00e4r kvar till mitten av 1670-talet.<\/p>\n\n\n\n<p>G\u00e5rden delades vid den h\u00e4r tiden \u00e5ter upp i tv\u00e5 lotter.<\/p>\n\n\n\n<p><strong>Del A<\/strong> <strong>(som nu \u00e4r del av Eggvena 3:3 i Br\u00e5ttensby)<\/strong><\/p>\n\n\n\n<p><strong><em>Ca 1664 \u2014 andra halvan av 1670-talet<\/em><\/strong><br>Nils brukade g\u00e5rden delvis parallellt med sin son <strong>Anders Nilsson<\/strong>. Sonen n\u00e4mns sista g\u00e5ngen i roteringsl\u00e4ngden 1676.<\/p>\n\n\n\n<p><strong><em>Andra halvan av 1670-talet \u2014 slutet av 1600-talet<\/em><\/strong><br>M\u00f6jligen dog Anders och efterl\u00e4mnade \u00e4nkan <strong>M\u00e4rta<\/strong> som n\u00e4mns 1679 och m\u00f6jligen gifte hon om sig med den <strong>Nils Olofsson<\/strong> som n\u00e4mns 1680. Efterf\u00f6ljande \u00e5r n\u00e4mns ist\u00e4llet Marit, vilket kan syfta p\u00e5 M\u00e4rta. Kanske hade hon blivit \u00e4nka igen.<\/p>\n\n\n\n<p><strong><em>Ca 1681 \u2014 ca 1700<\/em><\/strong><br><strong>Hans Hemmingsson<\/strong> innehade g\u00e5rden, till en b\u00f6rjan parallellt med M\u00e4rta. Han var son till Hemming i den andra g\u00e5rdslotten och gifte sig med <strong>Britta Andersdotter<\/strong>. De flyttade till H\u00f6gstorp, Tumberg ca 1700. (Allm\u00e4nt: domb 1698 st \u00a729.)<\/p>\n\n\n\n<p><strong><em>Ca 1700 \u2014 ca 1703<\/em><\/strong><br>Ist\u00e4llet flyttade <strong>Erik<\/strong> med hustru hit fr\u00e5n Eggvena.<\/p>\n\n\n\n<p><strong><em>Ca 1703 \u2014 ca 1708<\/em><\/strong><br>Erik f\u00f6rsvinner och ist\u00e4llet dyker <strong>Nils Andersson<\/strong> med hustru upp. De flyttade ca 1708 till Friseg\u00e5rden i samband med att Nils antogs som soldat f\u00f6r Kullings kompani, H\u00e4grunga \u00d6sterg\u00e5rdens rote.<\/p>\n\n\n\n<p>G\u00e5rdslotten verkar d\u00e4refter ha varit \u00f6vergiven under n\u00e5gra \u00e5r, alternativt sambrukad med del B.<\/p>\n\n\n\n<p><strong><em>Ca 1712 \u2014 ca 1726<\/em><\/strong><br>Hit flyttade nu <strong>Asmund Gunnarsson<\/strong> och hans hustru <strong>Elin<\/strong>. De kom fr\u00e5n S\u00e4teriet. Barn: Bengt (se nedan), Sigrid f 1710 (se nedan), Bengt f 1717 (bodde i \u00d6sterg\u00e5rden), Erik f 1721 (bodde i Nolg\u00e5rden). Asmund dog ca 1723. Elin brukade g\u00e5rden som \u00e4nka i ytterligare n\u00e5gra \u00e5r.<\/p>\n\n\n\n<p><strong><em>Ca 1726 \u2014 1737<\/em><\/strong><br>Elin \u00f6verl\u00e4mnade bruket till sonen <strong>Bengt Asmundsson<\/strong> den \u00e4ldre. Elin dog ca 1727. Bengt gifte sig 1737 med en dotter i Friseg\u00e5rden och blev bonde d\u00e4r.<\/p>\n\n\n\n<p><strong><em>1737 \u2014 ca 1774<\/em><\/strong><br>F\u00f6reg\u00e5ende brukares syster <strong>Sigrid Asmundsdotter<\/strong> f 1710 gifte sig 1737 med <strong>Lars Olofsson<\/strong> f 1713 och \u00f6vertog bruket. Barn: Elin f 1742 (se nedan), Anders f 1745, Kerstin f 1748 (d s \u00e5), Olof f 1750 (d s \u00e5), Erik f 1751. Lars dog 1776 av slag och Sigrid dog 1788.<\/p>\n\n\n\n<p><strong><em>Ca 1774 \u2014 1794<\/em><\/strong><br>Dottern <strong>Elin Larsdotter<\/strong> f 1742 gifte sig med <strong>Lars Andersson<\/strong> f 1749 och tog \u00f6ver g\u00e5rden. Barn: Anders f 1775 (bodde senare i Skatteg\u00e5rden och Backg\u00e5rden), Lars f 1777 (blev hemmans\u00e4gare i Skatteg\u00e5rden, senare Backg\u00e5rden), Bengt f 1780. \u00c5r 1787 skrev Lars kontrakt p\u00e5 att hyra en kvarn under Olstorps s\u00e4teri f\u00f6r 20 \u00e5r, men han bodde kvar och dog av lungsot 1794. Resten av familjen flyttade 1797. Elin bodde \u00e5ren 1800-1803 hos sonen Anders i Skatteg\u00e5rden och d\u00e4refter hos sonen Lars i Backg\u00e5rden d\u00e4r hon dog 1805.<\/p>\n\n\n\n<p><strong><em>1794 \u2014 1796<\/em><\/strong><br>Ogifte <strong>Hans Bryngelsson<\/strong> f 1755 \u00f6vertog 1\/6 mt medan \u00e5terst\u00e5ende 1\/12 mt brukades av Anders Olofsson i Skatteg\u00e5rden. Hans hade varit omv\u00e4xlande bonde och dr\u00e4ng i Skatteg\u00e5rden. Han l\u00e4mnade bruket 1796 f\u00f6r att ist\u00e4llet bli dr\u00e4ng p\u00e5 g\u00e5rden. Tv\u00e5 \u00e5r senare, i t\u00e4mligen mogen \u00e5lder, gifte han sig till Eggvena Stommen och bildade familj.<\/p>\n\n\n\n<p><strong><em>1797\u2014 1799<\/em><\/strong><br>Fr\u00e5n torpet \u00d6rsholmen under S\u00e4teriet kom <strong>Anders Andersson Fr\u00f6berg<\/strong> f 1769 och hans hustru <strong>Karin Gustavsdotter<\/strong> f 1771. Barn: Mattias f 1794, Kerstin f 1797 (d s \u00e5). De flyttade till S\u00e4teriet d\u00e4r de blev tj\u00e4nstefolk hos Johannes Brink.<\/p>\n\n\n\n<p><strong><em>1799 \u2014 1816<\/em><\/strong><br><strong>Anders Olofsson<\/strong> i Skatteg\u00e5rden f 1757 k\u00f6pte nu hela fj\u00e4rdingen. Han var f\u00f6dd 1757 och gift med <strong>Annika Andersdotter<\/strong> f 1758. De flyttade hit med sina barn 1800 och blev d\u00e4rmed g\u00e5rdslottens f\u00f6rsta sj\u00e4lv\u00e4gande brukare. Dottern Ingrid f\u00f6ddes och dog 1802. Efter att de l\u00e4mnat ifr\u00e5n sig g\u00e5rden bodde de kvar p\u00e5 undantag. B\u00e5da dog 1840.<\/p>\n\n\n\n<p><strong><em>1816 \u2014 1828<\/em><\/strong><br>F\u00f6rre \u00e4garens dotter <strong>Karin Andersdotter<\/strong> f 1791 och hennes man <strong>Andreas Svensson<\/strong> f 1789 i Hoberg, Kullings-Sk\u00f6vde kom hit fr\u00e5n Skatteg\u00e5rden. Barn: Sven f 1810 (soldat i Algutstorp med namnet Nestor), Anders f 1812, Johannes f 1815, Andreas f 1817, Anna f 1819 (g m Anders Engman i Klovnasten, Kullings-Sk\u00f6vde), Britta Lisa f 1821, Inggerd f 1822 (d 1826). Karin dog i barns\u00e4ng 1822 och Anders gifte om sig 1824 med <strong>Johanna Eriksdotter<\/strong> f 1796 i Backg\u00e5rden. Barn: Sara Lena f 1825. Andreas dog 1928.<\/p>\n\n\n\n<p><strong><em>1828 \u2014 ca 1831<\/em><\/strong><br>Fr\u00e5n G\u00e4ddeg\u00e5rden kom <strong>Olof Bengtsson<\/strong> f 1790 i Hoberg, Kullings-Sk\u00f6vde och hans hustru <strong>Anna Nilsdotter<\/strong> f 1794 i Lena. Barn: Britta Stina f 1822, Bengt f 1829 (d i m\u00e4ssling s \u00e5). De flyttade till torpet \u00c5madskroken vid Saxtorp, Tumberg.<\/p>\n\n\n\n<p><strong><em>1831 \u2014 1845<\/em><\/strong><br>G\u00e5rden \u00e4gdes av Johannes Larsson som \u00e4ven \u00e4gde del B, se nedan.<\/p>\n\n\n\n<p><strong><em>1845 \u2014 1896<\/em><\/strong><br>Fr\u00e5n \u00d6lltorp, F\u00f6lene kom <strong>Petter Andreasson<\/strong> f 1823 och gifte sig med dottern till Johannes Larsson i del B, <strong>Anna Stina Johansdotter<\/strong> f 1821. Barn: Johannes f 1847 (se nedan), Johanna f 1850 (flyttade med systern Matilda till \u00d6sterg\u00e5rden, d 1931), Sofia f 1852 (bodde kvar, d 1910), Maja Stina f 1858 (bodde kvar, d 1895), Matilda f 1861 (g till \u00d6sterg\u00e5rden). N\u00e4r Petter \u00f6vertog g\u00e5rden stod den p\u00e5 den gamla tomtplatsen v\u00e4ster om S\u00e4teriet. I samband med laga skifte flyttade han husen till den nya tomten som l\u00e5g ungef\u00e4r d\u00e4r de s\u00f6dra ekonomibyggnaderna i Backg\u00e5rden 4:2 ligger. Anna Stina dog 1896 och Petter dog 1908.<\/p>\n\n\n\n<p><strong><em>1896 \u2014 1913<\/em><\/strong><br>Sonen <strong>Johannes Pettersson<\/strong> f 1847 k\u00f6pte g\u00e5rden och drev den tillsammans med systern Johanna. Han flyttade 1913 till systern Matilda i \u00d6sterg\u00e5rden och dog 1915.<\/p>\n\n\n\n<p><strong><em>1913 \u2014 1933<\/em><\/strong><br><strong>Axel Karlsson<\/strong> f 1877 i J\u00e4llby och hans hustru <strong>Naemi<\/strong> f Johansson 1877 i Kl\u00e5vnasten, Kullings-Sk\u00f6vde bodde f\u00f6rst i  T\u00f6restorp J\u00e4llby. 1907 flyttade de till i ett soldattorp i Venevalla och d\u00e4refter till Stommen 1913, som de redan arrenderade. 1926 k\u00f6pte de g\u00e5rden. Barn: Elsa f 1905 (se nedan), Harry f 1906 (till V\u00e5rg\u00e5rda, antog namnet Demf\u00e4lt), Herbert f 1909 (d 1984), Edith f 1913 (till G\u00f6teborg). B\u00e5de Axel och Naemi dog 1952.<\/p>\n\n\n\n<p><strong><em>1933 \u2014 1947<\/em><\/strong><br>Dottern <strong>Elsa<\/strong> f Karlsson 1905 \u00f6vertog g\u00e5rden. Hon gifte sig 1936 med <strong>Petter Andersson<\/strong> f 1905 i Skee. Barn: Gunvor f 1937, Stig f 1938, Maj-Britt f 1942, Eira f 1945. De flyttade till Ekedalen Tidaholm.<\/p>\n\n\n\n<figure class=\"wp-block-image size-large is-resized\"><img loading=\"lazy\" decoding=\"async\" src=\"http:\/\/brattensby.se\/wp-content\/uploads\/2020\/07\/Petter-o-Elsas-1024x648.jpeg\" alt=\"\" class=\"wp-image-1485\" width=\"291\" height=\"184\" srcset=\"http:\/\/brattensby.se\/wp-content\/uploads\/2020\/07\/Petter-o-Elsas-1024x648.jpeg 1024w, http:\/\/brattensby.se\/wp-content\/uploads\/2020\/07\/Petter-o-Elsas-300x190.jpeg 300w, http:\/\/brattensby.se\/wp-content\/uploads\/2020\/07\/Petter-o-Elsas-150x95.jpeg 150w, http:\/\/brattensby.se\/wp-content\/uploads\/2020\/07\/Petter-o-Elsas-768x486.jpeg 768w, http:\/\/brattensby.se\/wp-content\/uploads\/2020\/07\/Petter-o-Elsas-1536x971.jpeg 1536w, http:\/\/brattensby.se\/wp-content\/uploads\/2020\/07\/Petter-o-Elsas.jpeg 1700w\" sizes=\"auto, (max-width: 291px) 100vw, 291px\" \/><figcaption>Petter och Elsas Stom ca 1940.<\/figcaption><\/figure>\n\n\n\n<p><strong><em>1947<\/em><\/strong><br><strong>Erik Gustafsson<\/strong> f 1914 i Kilatorp, Algutstorp och hans hustru <strong>Kerstin<\/strong> f Johansson 1917 i J\u00e4llby k\u00f6pte g\u00e5rden. Barn: Anna-Lena f 1946. De flyttade redan samma \u00e5r till V\u00e5rg\u00e5rda.<\/p>\n\n\n\n<p><strong><em>1950<strong><em> \u2014<\/em><\/strong> 1954<\/em><\/strong><br>G\u00e5rden k\u00f6ptes av Valdemar Larsson i Backg\u00e5rden 4:2 och sammanslogs med hans g\u00e5rd. Boningshuset hyrdes fr\u00e5n 1950 av <strong>\u00c5ke \u00c5gestedt <\/strong>f 1907 g m <strong>Hulda<\/strong> f 1908 i Kinna. De kom fr\u00e5n Rangeltorp d\u00e4r man hade varit f\u00f6rst statare och sedan torpare. Barn: Stig f 1931 (posttj\u00e4nsteman i Ulricehamn), Lennart f 1933 (lastbils\u00e4gare i Herrljunga), Harald f 1935 (till Bajag\u00e5rden, Remmene). Familjen flyttade till Herrljunga 1954. Boningshuset revs och ett svinhus uppf\u00f6rdes p\u00e5 platsen.<\/p>\n\n\n\n<p class=\"has-medium-font-size\"><strong>Br\u00e5ttensby 2:2<\/strong><\/p>\n\n\n\n<p><strong>Del B<\/strong><\/p>\n\n\n\n<p><strong><em>Andra halvan av 1670-talet \u2014 1698<\/em><\/strong><br><strong>Hemming Andersson<\/strong> med hustru kom hit under andra halvan av 1670-talet fr\u00e5n Friseg\u00e5rden. Hemming dog 1698 (st \u00a729) och efterl\u00e4mnade s\u00f6nerna Torsten (se nedan) och Hans (se del A).<\/p>\n\n\n\n<p><strong><em>1698\u2014 ca 1728<\/em><\/strong><br><strong>Torsten Hemmingsson<\/strong>, son till f\u00f6reg\u00e5ende brukare, gifte sig med <strong>Ingeborg<\/strong>. Barn: Anders f 1710 (se nedan). Ingeborg dog ca 1711 och Torsten gifte om sig ca 1714 med Elin Hansdotter f 1686. Barn: Hans f 1718 (se nedan), Kerstin (se nedan), Ingeborg f 1720 (se nedan). Torsten var klockare p\u00e5 1730-talet. Han dog under f\u00f6rsta halvan av 1740-talet och Elin dog 1760.<\/p>\n\n\n\n<p><strong><em>Ca 1728 \u2014 1730-talet<\/em><\/strong><br>Torsten l\u00e4mnade ifr\u00e5n sig bruket till ogifta sonen <strong>Anders Torstensson<\/strong>.<\/p>\n\n\n\n<p><strong><em>1730-talet \u2014 ca 1745<\/em><\/strong><br>D\u00e4refter tog brodern <strong>Hans Torstensson<\/strong> \u00f6ver bruket tills han bildade familj och flyttade till Lilleg\u00e5rden i mitten av 1740-talet.<\/p>\n\n\n\n<p><strong><em>Ca 1745 \u2014 ca 1746<\/em><\/strong><br>D\u00e4refter tog systern <strong>Kerstin Torstensdotter<\/strong> \u00f6ver bruket ett kort tag.<\/p>\n\n\n\n<p><strong><em>Ca 1746 \u2014 ca 1775<\/em><\/strong><br>D\u00e4refter tog systern <strong>Ingeborg Torstensdotter<\/strong> f 1720 och hennes make <strong>Anders Larsson Kvick<\/strong> f 1716 \u00f6ver bruket. De gifte sig dagen f\u00f6re julafton 1745. Anders hade blivit \u00e4nkling samma \u00e5r efter sin f\u00f6rsta hustru Britta Torbj\u00f6rnsdotter fr\u00e5n \u00d6sterg\u00e5rden. Han var soldat f\u00f6r Kullings kompani och Ambj\u00f6rntorp Skatteg\u00e5rden 1737-1754. Barn: Torsten f 1747 (d 1752), Britta f 1749 (d av kikhosta 1755), Jakob (d 1753), Hans f 1753 (d s d), Lars f 1754 (d i koppor 1757), Anders f 1758 (blev b\u00e5tsman med namnet Berggren), Elin f 1761 (f\u00f6rkv\u00e4vd s \u00e5), Per f 1763 (d tidigt), Per f 1764 (d 1769).<\/p>\n\n\n\n<p><strong><em>Ca 1775 \u2014 ca 1796<\/em><\/strong><br>F\u00f6reg\u00e5ende brukare bytte g\u00e5rd med <strong>Lars Bengtsson<\/strong> f 1746 och hans hustru <strong>M\u00e4rta Larsdotter<\/strong> f 1744 som bott i H\u00e4gnen. Barn: Lars f 1775 (d i dysenteri 1781), Johannes f 1777 (se nedan), Kerstin f 1780 (bondhustru i H\u00e4gnen), Lars f 1783 (g m Anna Larsdotter i Tokatorp, Remmene, d 1825 i F\u00e5rekulla, Remmene). Han dog av lunginflammation 1815 och M\u00e4rta dog av lungsot 1819.<\/p>\n\n\n\n<p><strong><em>Ca 1796 \u2014 1806<\/em><\/strong><br>Enligt mantalsl\u00e4ngden \u00f6vertog sonen <strong>Johannes Larsson<\/strong> f 1777 bruket vid den h\u00e4r tiden. Genom k\u00f6p av g\u00e5rdslotten 1799 blev han och hans far de f\u00f6rsta sj\u00e4lv\u00e4gande b\u00f6nderna p\u00e5 Stommen tillsammans med Anders Olofsson som k\u00f6pte den andra halvan. Johannes gifte sig 1803 med <strong>Inggerd Andersdotter<\/strong> f 1787 i Skatteg\u00e5rden. Barn: Johannes f 1804 (d 1805), Anders f 1806. De flyttade till Skatteg\u00e5rden 1806.<\/p>\n\n\n\n<p><strong><em>1806 \u2014 1811<\/em><\/strong><br>Ist\u00e4llet kom <strong>Anders Larsson<\/strong> f 1782 i Siene g 1804 m <strong>Ingeborg Andersdotter<\/strong> f 1781. De hade innan dess bott ett par \u00e5r hos Ingeborgs f\u00f6r\u00e4ldrar i Friseg\u00e5rden. Barn: Anna f 1804 (d 1805), Lars f 1806, Erik f 1808, Anna f 1811. De flyttade till Larstorp, Tarsled 1811.<\/p>\n\n\n\n<p><strong><em>1811 \u2014 1845<\/em><\/strong><br>Johannes Larsson med familj \u00e5terkom fr\u00e5n Skatteg\u00e5rden. Fler barn: Andreas f 1808, Anders f 1810 (till Venavalla R\u00e4ttareg\u00e5rden, Remmene 1831), Lars f 1814 (se nedan), Katarina f 1818 (till Ambj\u00f6rntorp, Algutstorp 1837), Anna Stina f 1821 (bondhustru i del A), Johan f 1822 (hemmans\u00e4gare i Skatteg\u00e5rden), Maria Johanna f 1825 (d s \u00e5), Gustav f 1827 (hemmans\u00e4gare i S\u00e4teriet). De \u00e5terv\u00e4nde till Skatteg\u00e5rden 1845.<\/p>\n\n\n\n<p><strong><em>1845 \u2014 1882<\/em><\/strong><br>Sonen <strong>Lars Johansson<\/strong> f 1814 gifte sig med <strong>Annika Nilsdotter<\/strong> f 1818. Hon tillh\u00f6rde den k\u00e4nda pr\u00e4stsl\u00e4kten Wagner-Nicander vars \u00e4ttlingar bildat sl\u00e4ktf\u00f6reningen Sju grenar. Paret k\u00f6pte g\u00e5rden 1846. Barn: Maja f 1845 (gift till Fagrabo, Tumberg 1869), Anna Stina f 1847 (g till Kullings-Sk\u00f6vde 1894), Anders Petter f 1851 (se nedan), Johannes f 1853 (d 1858), August f 1856 (\u00e4gare av Backg\u00e5rden 4:2). Lars Johanssons namn var under m\u00e5nga \u00e5r f\u00f6rekommande i protokoll som handlar om kommunala angel\u00e4genheter. Han dog 1883 och Annika dog 1896.<\/p>\n\n\n\n<p><strong><em>1882 \u2014 1915<\/em><\/strong><br>Sonen <strong>Anders-Petter Larsson<\/strong> f 1851 k\u00f6pte g\u00e5rden 1882. Han gifte sig 1888 med <strong>Johanna Andersdotter<\/strong> f 1854 i Eggvena Skr\u00e4ddareg\u00e5rden. Barn: Herbert f 1890 (d 1929), Karl f 1892 (se nedan), Naemi f 1896.<\/p>\n\n\n\n<p><strong><em>1915 \u2014 1930<\/em><\/strong><br>Sonen till f\u00f6reg\u00e5ende \u00e4gare <strong>Karl Andersson<\/strong> f 1892 \u00f6vertog g\u00e5rden. Han dog 1930.<\/p>\n\n\n\n<p><strong><em>1930 \u2014 1933<\/em><\/strong><br>Nu \u00e5tergick g\u00e5rden till f\u00f6r\u00e4ldrarna igen. Jorden arrenderades ut f\u00f6rst till Herman Svensson i Lilleg\u00e5rden, d\u00e4refter till <strong>Herbert Johansson<\/strong> f 1889 i Eggvena Skr\u00e4ddareg\u00e5rden, brorson till Johanna. Herbert bodde h\u00e4r 1932-1933. Johanna dog 1932. Anders-Petter och dottern Naemi flyttade till V\u00e5rg\u00e5rda 1933 d\u00e4r Anders-Petter dog 1944 och Naemi dog 1963.<\/p>\n\n\n\n<p><strong><em>1933 \u2014 1963<\/em><\/strong><br><strong>Algot Johansson<\/strong> f 1900 i Eggvena Skr\u00e4ddareg\u00e5rden, bror till f\u00f6rre arrendatorn, \u00f6vertog arrendet och flyttade in med sin hustru sedan 1929, <strong>M\u00e4rta<\/strong> f Hagstr\u00f6m 1905 i Delsbo. Barn: Astrid f 1928 (till Guntorp), Bertil f 1930 (se nedan), Sigbritt f 1938 (g 1956 m Kjell Gustavsson, fr\u00e5nskild), Ingrid f 1941 (g 1963 m Folke Lundkvist, V\u00e5rg\u00e5rda). De k\u00f6pte g\u00e5rden 1938 och byggde nuvarande bostadshus 1947. Algot dog 1986.<\/p>\n\n\n\n<figure class=\"wp-block-image size-large is-resized\"><img loading=\"lazy\" decoding=\"async\" src=\"http:\/\/brattensby.se\/wp-content\/uploads\/2020\/07\/Algot-p\u00e5-Stommen-1024x454.jpg\" alt=\"\" class=\"wp-image-1467\" width=\"297\" height=\"132\" srcset=\"http:\/\/brattensby.se\/wp-content\/uploads\/2020\/07\/Algot-p\u00e5-Stommen-1024x454.jpg 1024w, http:\/\/brattensby.se\/wp-content\/uploads\/2020\/07\/Algot-p\u00e5-Stommen-300x133.jpg 300w, http:\/\/brattensby.se\/wp-content\/uploads\/2020\/07\/Algot-p\u00e5-Stommen-150x66.jpg 150w, http:\/\/brattensby.se\/wp-content\/uploads\/2020\/07\/Algot-p\u00e5-Stommen-768x340.jpg 768w, http:\/\/brattensby.se\/wp-content\/uploads\/2020\/07\/Algot-p\u00e5-Stommen-1536x681.jpg 1536w, http:\/\/brattensby.se\/wp-content\/uploads\/2020\/07\/Algot-p\u00e5-Stommen.jpg 1580w\" sizes=\"auto, (max-width: 297px) 100vw, 297px\" \/><figcaption>Algot och M\u00e4rtas Stom ca 1940.<\/figcaption><\/figure>\n\n\n\n<p><strong><em>1963 \u2014<\/em><\/strong><br>Sonen Bertil Johansson f 1930 och hans hustru sedan 1954 Asta f Josefsson 1933 i S\u00f6dra H\u00e4rene, k\u00f6pte g\u00e5rden. Barn: Inger f 1954 (till Herrljunga), Anders f 1963 (se nedan), Peter f 1969. Bertil arbetade som lastbilschauff\u00f6r. Familjen bodde i V\u00e5rg\u00e5rda.<\/p>\n\n\n\n<p>P\u00e5 1980-talet bodde tidigare \u00e4garens dotterson <strong>Lars-Rune Hermansson<\/strong> f 1956 p\u00e5 Guntorp och hans hustru <strong>Monica <\/strong>f 1957 p\u00e5 g\u00e5rden. Barn: Tobias f 1983, Joakim f 1985, Annie f 1987. De flyttade till Guntorp som de redan \u00e4gde och brukade.<\/p>\n\n\n\n<p><strong><em>19?? \u2014<\/em><\/strong><br>F\u00f6rre \u00e4garens son <strong>Anders Johansson<\/strong> f 1963 \u00f6vertog g\u00e5rden.<\/p>\n","protected":false},"excerpt":{"rendered":"<p>G\u00e5rdar med namnet Stommen finns i m\u00e5nga socknar. Namnet betecknade under medeltiden ett hemman i en annexf\u00f6rsamling i ett pastorat, vars skatt tillf\u00f6ll pastoratets pr\u00e4ster. Efter reformationen \u00f6vertog kronan undan f\u00f6r undan praktiskt taget all kyrkojord och Stommen i Br\u00e5ttensby \u00f6vergick formellt fr\u00e5n kyrko till krono p\u00e5 1630-talet. Redan 1652 s\u00e5lde kronan g\u00e5rden till fru [&hellip;]<\/p>\n","protected":false},"author":1,"featured_media":0,"parent":0,"menu_order":0,"comment_status":"closed","ping_status":"closed","template":"","meta":{"footnotes":""},"class_list":["post-1222","page","type-page","status-publish","hentry","last-post"],"_links":{"self":[{"href":"http:\/\/brattensby.se\/index.php?rest_route=\/wp\/v2\/pages\/1222","targetHints":{"allow":["GET"]}}],"collection":[{"href":"http:\/\/brattensby.se\/index.php?rest_route=\/wp\/v2\/pages"}],"about":[{"href":"http:\/\/brattensby.se\/index.php?rest_route=\/wp\/v2\/types\/page"}],"author":[{"embeddable":true,"href":"http:\/\/brattensby.se\/index.php?rest_route=\/wp\/v2\/users\/1"}],"replies":[{"embeddable":true,"href":"http:\/\/brattensby.se\/index.php?rest_route=%2Fwp%2Fv2%2Fcomments&post=1222"}],"version-history":[{"count":18,"href":"http:\/\/brattensby.se\/index.php?rest_route=\/wp\/v2\/pages\/1222\/revisions"}],"predecessor-version":[{"id":2121,"href":"http:\/\/brattensby.se\/index.php?rest_route=\/wp\/v2\/pages\/1222\/revisions\/2121"}],"wp:attachment":[{"href":"http:\/\/brattensby.se\/index.php?rest_route=%2Fwp%2Fv2%2Fmedia&parent=1222"}],"curies":[{"name":"wp","href":"https:\/\/api.w.org\/{rel}","templated":true}]}}