{"id":1230,"date":"2020-06-21T17:53:34","date_gmt":"2020-06-21T16:53:34","guid":{"rendered":"http:\/\/brattensby.se\/?page_id=1230"},"modified":"2020-09-26T13:04:21","modified_gmt":"2020-09-26T12:04:21","slug":"lillegardens-historia","status":"publish","type":"page","link":"http:\/\/brattensby.se\/?page_id=1230","title":{"rendered":"Lilleg\u00e5rdens historia"},"content":{"rendered":"\n<p>Lilleg\u00e5rden var p\u00e5 1500- och 1600-talen ett av flera fr\u00e4lsehemman i Br\u00e5ttensby by. Om Lilleg\u00e5rden var s\u00e4rskilt liten fr\u00e5n b\u00f6rjan \u00e4r oklart. Namnet dyker upp i k\u00e4llorna f\u00f6rsta g\u00e5ngen p\u00e5 1610-talet och kring samma tid f\u00f6rmedlades ocks\u00e5 g\u00e5rden fr\u00e5n ett helt till ett halvt mantal s\u00e5 kanske var det f\u00f6rst vid den h\u00e4r tiden som g\u00e5rden av n\u00e5gon anledning blev mindre b\u00e4rkraftig \u00e4n de andra i byn. \u00c5 andra sidan finns en anteckning om att hemmanet r\u00e4knades som ett &#8221;halvt&#8221; vid \u00c4lvsborgs l\u00f6sen 1571, om \u00e4n inte i jordeboken vid samma tid. N\u00e4r flera andra g\u00e5rdar f\u00f6rmedlades till 1\/2 mt kring \u00e5r 1700, f\u00f6rmedlades Lilleg\u00e5rden till 3\/8 mt och f\u00f6rblev d\u00e4rmed byns minsta g\u00e5rd m\u00e4tt i mantal. Det \u00e4r ocks\u00e5 den enda g\u00e5rden i socknen f\u00f6rutom Uddetorp och H\u00e4gnen som inte blev uppdelad i flera g\u00e5rdslotter f\u00f6rr\u00e4n p\u00e5 1800-talet.<\/p>\n\n\n\n<p>\u00c5r 1694 avstods Lilleg\u00e5rden till kronan p\u00e5 grund av obetald skatt och gick d\u00e4rmed fr\u00e5n fr\u00e4lse till krono. G\u00e5rden k\u00f6ptes av brukaren i slutet av 1700-talet.<\/p>\n\n\n\n<p><strong><em>Senast 1570 \u2014 ca 1593<\/em><\/strong><br>Brukaren hette <strong>Helge Persson<\/strong>.<\/p>\n\n\n\n<p><strong><em> \u2014 ca 1625<\/em><\/strong><br><strong>Bengt Larsson Fris<\/strong> brukade g\u00e5rden senast fr\u00e5n 1609 och kanske redan fr\u00e5n 1594. Det \u00e4r oklart om han hade n\u00e5gon koppling till Friseg\u00e5rden och dess innebyggare, som hade efternamnen Fris under 1500-talet. Bengt n\u00e4mns sista g\u00e5ngen under g\u00e5rden 1623. Fr\u00e5n och med 1630 n\u00e4mns ist\u00e4llet en Bengt Larsson Fris under Nolg\u00e5rden. I boskapsl\u00e4ngderna 1626-1629 f\u00f6rekommer ingen Bengt alls inom socknen, men det b\u00f6r \u00e4nd\u00e5 vara fr\u00e5gan om samma person (se vidare under Nolg\u00e5rden).<\/p>\n\n\n\n<p><strong><em>Ca 1625\u2014 ca 1652<\/em><\/strong><br>N\u00e4sta brukare var <strong>Abraham Andersson<\/strong> och hans hustru <strong>Helga Svensdotter<\/strong>. De verkar ha haft en vuxen (styv)dotter Karin Svensdotter under b\u00f6rjan av 1640-talet. Troligen var Helgas f\u00f6rsta man soldaten Sven p\u00e5 F\u00f6lene Stommen som dog ca 1618, troligen under krigst\u00e5g, varp\u00e5 hon gifte om sig med Abraham ca 1620, f\u00f6r att n\u00e5gra \u00e5r senare flytta hit.<\/p>\n\n\n\n<p><strong><em>Ca 1647 \u2014 ca 1658<\/em><\/strong><br>Delvis parallellt med Abraham under hans sista tid n\u00e4mns <strong>Anders Olofsson.<\/strong> Han skulle m\u00f6jligen kunna vara en m\u00e5g. Han f\u00f6rsvinner i mantalsl\u00e4ngden efter 1655 och ist\u00e4llet n\u00e4mns en \u00e4nka <strong>Sigrid<\/strong>, f\u00f6rmodligen Anders efterleverska.<\/p>\n\n\n\n<p><strong><em>Ca 1658 \u2014 ca 1690<\/em><\/strong><br><strong>Per Bengtsson<\/strong> brukade nu g\u00e5rden. Han var gift med <strong>Ingrid Jonsdotter<\/strong>. De k\u00f6pte en del av Skatteg\u00e5rden p\u00e5 1670-talet och flyttade dit ca 1690.<\/p>\n\n\n\n<p><strong><em>Ca 1690 \u2014 ca 1710<\/em><\/strong><br>Pers brorsdotter <strong>Inggerd Olofsdotter<\/strong> och hennes man soldaten f\u00f6r Kullings kompani <strong>Ingel Eriksson<\/strong> som tidigare brukat Pers innehav i Skatteg\u00e5rden, flyttade nu hit. Barn: Erik (senare bonde i Skatteg\u00e5rden), Olof (se nedan), Ingrid f 1693 (senare bondhustru i bl a Backg\u00e5rden). Ingel dog ca 1702 varefter Inggerd brukade g\u00e5rden som \u00e4nka. P\u00e5 h\u00f6sttinget 1706 n\u00e4mns ett br\u00e5k som uppst\u00e5tt i en \u201dlekstuga\u201d hos Inggerd. Lekstugor var ett n\u00f6je som f\u00f6rekom p\u00e5 landsbygden vid den h\u00e4r tiden men som man gjorde olika f\u00f6rs\u00f6k att f\u00f6rbjuda.<\/p>\n\n\n\n<p><strong><em>Ca 1710 \u2014 ca 1729<\/em><\/strong><br>Kring 1710 gifte sig sonen <strong>Olof Ingelsson<\/strong>, sannolikt med Ingeborg Andersdotter, och det nya paret \u00f6vertog g\u00e5rden. F\u00f6rmodligen \u00e4r Erik f 1725 som senare bodde i G\u00e4ddeg\u00e5rden, deras son. \u00c5r 1727 n\u00e4mns Olof som \u201dhusfattig\u201d i mantalsl\u00e4ngden, varefter han f\u00f6rsvinner, f\u00f6r att \u00e5terigen dyka upp ett kort tag innan han f\u00f6rsvinner definitivt.<\/p>\n\n\n\n<p><strong><em>Ca 1726 \u2014 ca 1731<\/em><\/strong><br>Samtidigt kommer <strong>Jon Torbj\u00f6rnsson<\/strong> med hustru hit fr\u00e5n Guntorp och verkar ha ett bruk parallellt med Olof och hans hustru. De hade en halvvuxen dotter Inggerd och kallas utgamla kring 1730. De verkar definitivt ha l\u00e4mnat bruket ca 1731.<\/p>\n\n\n\n<p><strong><em>Ca 1729 \u2014 1774<\/em><\/strong><br>Ungef\u00e4r d\u00e5 Olof f\u00f6rsvann, kom ist\u00e4llet <strong>Lars Bengtsson<\/strong> med hustru <strong>Inggerd Andersdotter<\/strong> hit fr\u00e5n F\u00f6tene V\u00e4sterg\u00e5rden, S H\u00e4rene. De hade brukat V\u00e4sterg\u00e5rden som var Lars f\u00f6r\u00e4ldrahem i n\u00e5gra \u00e5r. Inggerd var f\u00f6dd 1706 i Fagrabo, Tumberg. Barn: Inggerd (g m Erik i Friseg\u00e5rden), Anders f 1736 (fl t Bor\u00e5s men \u00e5terkom p\u00e5 1760-talet), Bengt f 1739 (se nedan). Lars dog 1744 och Inggerd gifte om sig med <strong>Hans Torstensson<\/strong> f 1718 p\u00e5 Stommen. Hans tog \u00f6ver klockarsysslan efter sin far. Den \u00f6vergick senare till Per Eriksson i S H\u00e4rene, men 1769 blev Hans \u00e5ter socknens klockare och f\u00f6rblev det tills han gick bort i lungsot 1774. Inggerd dog 1781.<\/p>\n\n\n\n<p><strong><em>Ca 1769 \u2014 ca 1799<\/em><\/strong><br>Hans styvson <strong>Bengt Larsson<\/strong> f 1739 gifte sig 1768 med <strong>Elin Danielsdotter<\/strong> f 1746 i Uddetorp och de tilltr\u00e4dde s\u00e5 sm\u00e5ningom g\u00e5rden: f\u00f6rst 1\/4 mt och efter Hans Torstenssons d\u00f6d \u00e5terst\u00e5ende 1\/8 mt. Elin var havande vid tiden f\u00f6r br\u00f6llopet och det st\u00e5r i Br\u00e5ttensby kyrkas r\u00e4kenskaper att Bengt pliktade f\u00f6r otidigt s\u00e4ngelag 1768. Barn: Lars f 1768 (se nedan), Ingrid f 1771 (d s \u00e5), Andreas f 1772 (d s \u00e5), Ingrid f 1773 (d i koppor s \u00e5), Inggerd f 1774 (d av koppor 1779), Andreas f 1776 (d 1777), Maria f 1778 (g 1799 m Olof Andersson), Johannes f 1780 (d av kikhosta s \u00e5), Annika f 1781 (g 1801 m Karl Eriksson fr\u00e5n Sl\u00e4tteryd, Remmene, bodde i F\u00e5rekulla, Remmene), Inggerd f 1785 (d i m\u00e4ssling 1786), Ingrid f 1787 (till torpet Gr\u00f6naberg s\u00f6dra, se torpboken nr 36). <\/p>\n\n\n\n<p>Efter Hans Torstenssons d\u00f6d lades tre kandidater till klockarsysslan fram p\u00e5 sockenst\u00e4mman: styvsonen Bengt, Anders M\u00e5nsson i Backg\u00e5rden och Bengt Apelgren som redan var klockare i moderf\u00f6rsamlingen Algutstorp. Socknens inv\u00e5nare st\u00e4llde sig enh\u00e4lligt bakom Bengt, men kyrkoherden Kullman h\u00f6ll Bengt som alltf\u00f6r oskicklig och rankade honom l\u00e4gst av de tre. \u00c4rendet gick vidare till konsistoriet. Det slutade med att Bengt blev klockare, med f\u00f6rmaningen att l\u00e4ra sig l\u00e4sa och skriva lite b\u00e4ttre. Han dog i lungsot 1796 och Elin dog i lunginflammation 1820.<\/p>\n\n\n\n<p><strong><em>Ca 1799 \u20141830<\/em><\/strong><br>Elin \u00f6verl\u00e4t g\u00e5rden till sonen <strong>Lars Bengtsson<\/strong> f 1768. Han gifte sig 1800 med <strong>Maria Eriksdotter<\/strong> f 1780 i Herrljunga. Barn: Bengt f 1801 (blev torpare i Brunnsbovad, se torpboken nr 32), Johannes f 1804 (d s \u00e5), Petter f 1804 (d av koppor 1805), Ingrid f 1805 (se nedan), Maria f 1808 (till S Bj\u00f6rke 1830), Johannes f 1811 (d 1823), Katarina f 1814 (torpare f\u00f6rst p\u00e5 Jungfrubacken, Galstad och fr\u00e5n 1848 under Lilleg\u00e5rden, se nr 37 i torpboken), Andreas f 1816 (d 1818), Petter f 1818, Johanna f 1822. Maria dog 1830. Lars bodde kvar p\u00e5 undantag och sedan i ett torp under g\u00e5rden. Han dog 1848.<\/p>\n\n\n\n<p class=\"has-medium-font-size\"><strong>Br\u00e5ttensby 5:3<\/strong><\/p>\n\n\n\n<p><strong><em>1830 \u2014 1833<\/em><\/strong><br>Lars Bengtssons dotter <strong>Ingrid Larsdotter<\/strong> f 1805 gifte sig med <strong>Andreas Nilsson<\/strong> f 1801 i \u00d6sterg\u00e5rden och tog \u00f6ver halva g\u00e5rden. Barn: Inggerd f 1831, Maria f 1833 (d s \u00e5).<\/p>\n\n\n\n<p><strong><em>Ca 1833 \u20141873<\/em><\/strong><br><strong>Olof Andersson<\/strong> f 1796 i Tumberg och hans hustru sedan 1827 <strong>Ingrid Bengtsdotter<\/strong> f 1800 i G\u00e4ddeg\u00e5rden hade innehaft ett nybyggt torp under Nolg\u00e5rden och de bytte nu hemvist med f\u00f6reg\u00e5ende brukare s\u00e5 att de kom hit. Till en b\u00f6rjan arrenderade de g\u00e5rdshalvan, men sedan blev de \u00e4gare. Ingridvar sv\u00e4gerska till f\u00f6rre \u00e4garens dotter Katarina, som med sin man, Ingrids bror Andreas Bengtsson, hade ett torp vid Lilleg\u00e5rden (se torpboken). Olof och Ingrid hade inga egna barn men tog Andreas och Katarinas dotter Kristina f 1845 som fosterdotter 1856. Huset flyttades 1872 till platsen d\u00e4r det nu ligger. Inggerd dog 1878 och Olof dog 1885.<\/p>\n\n\n\n<p><strong><em>1873 \u2014 1904<\/em><\/strong><br>Olof s\u00e5lde g\u00e5rden 1873 till fosterdottern <strong>Kristina Andreasdotter<\/strong> f 1845. Hon gifte sig 1874 med Anders Petter <strong>\u201dOle-Petter\u201d Bengtsson<\/strong> f 1848 i Nolguppag\u00e5rden, F\u00f6lene. De tog \u00f6ver g\u00e5rden. Barn: Selma f 1875 (till R\u00f6landa), Ida Sofia f 1876 (d 1879), Karl f 1881 (se nedan).<\/p>\n\n\n\n<p>Handlaren <strong>August Johansson<\/strong> f 1854 och hans hustru <strong>Anna Greta Andersdotter<\/strong> f 1855 i Vara kom hit 1881 fr\u00e5n Galstad Svarteg\u00e5rden, Tumberg. Barn: Axel Ivar f 1880, Ellen f 1881, Gerda f 1883, Hildur f 1884. August hade handelsbod i Lilleg\u00e5rden fram till 1888 d\u00e5 han emigrerade till USA 1888. \u00d6vriga familjen f\u00f6ljde efter 1890.<\/p>\n\n\n\n<p>Ole-Petter fortsatte med handel fram till 1920-talet. Kristina dog 1922 och Ole-Petter dog 1926.<\/p>\n\n\n\n<p><strong><em>1904 \u2014 1932<\/em><\/strong><br>Sonen <strong>Karl Bengtsson<\/strong> f 1881 k\u00f6pte g\u00e5rden. Han gifte sig samma \u00e5r med <strong>Ida Johansdotter<\/strong> f 1879 i Horsby, Tarsled. Barn: Bror f 1905 (till Vaxholm 1923), Ejnar f 1906 (till Stockholm 1929), Karin f 1908 (till \u00d6rgryte 1930), Ragnar f 1910 (till Tarsled 1932), Inez f 1913 (till Masthugget 1932), Bertil f 1914 (var fiskhandlare), Lissi f 1916 (till Masthugget), Lilly f 1917, Bernt-Folke f 1918, Stig-Allan f 1920, Ingrid f 1921, Alva f 1924. De byggde nuvarande bostadshus 1917. \u00c5r 1932 tvingades Karl Bengtsson s\u00e4lja g\u00e5rden till handlaren <strong>Emilsson<\/strong> i Landa d\u00e5 han kommit p\u00e5 obest\u00e5nd. G\u00e5rden s\u00e5ldes vidare, se nedan. Ida och de yngsta barnen flyttade till \u00d6rgryte, G\u00f6teborg. Karl blev intagen p\u00e5 arbetshem d\u00e4r man konstaterade att han led av &#8221;l\u00e5ngvarig sjukdom&#8221;. Han blev hemskickad och bodde ett tag i lillstugan i Lilleg\u00e5rden. Han dog 1936. Ida dog i G\u00f6teborg 1941.<\/p>\n\n\n\n<p><strong><em>1932 \u2014 1965<\/em><\/strong><br>G\u00e5rden k\u00f6ptes av <strong>Karl Johansson<\/strong> f 1889 i T\u00f6retorp, F\u00f6lene och hans hustru <strong>Naemi Andreasdotter<\/strong> f 1896, \u00e4ven hon i T\u00f6retorp. Barn: Karin f 1930 (till Friseg\u00e5rden), Ingemar f 1933 (d 1950). \u00c5r 1933 avstyckades ett markomr\u00e5de i utmarken, som s\u00e5ldes till skomakaren Johan Alfred Karlsson, som sedan 1910 bott d\u00e4r med sin familj. Lilleg\u00e5rden 5:14.<\/p>\n\n\n\n<figure class=\"wp-block-image size-large is-resized\"><img loading=\"lazy\" decoding=\"async\" src=\"http:\/\/brattensby.se\/wp-content\/uploads\/2020\/07\/Naemi-Lilleg\u00e5rden-1024x903.jpg\" alt=\"\" class=\"wp-image-1483\" width=\"253\" height=\"223\" srcset=\"http:\/\/brattensby.se\/wp-content\/uploads\/2020\/07\/Naemi-Lilleg\u00e5rden-1024x903.jpg 1024w, http:\/\/brattensby.se\/wp-content\/uploads\/2020\/07\/Naemi-Lilleg\u00e5rden-300x264.jpg 300w, http:\/\/brattensby.se\/wp-content\/uploads\/2020\/07\/Naemi-Lilleg\u00e5rden-150x132.jpg 150w, http:\/\/brattensby.se\/wp-content\/uploads\/2020\/07\/Naemi-Lilleg\u00e5rden-768x677.jpg 768w, http:\/\/brattensby.se\/wp-content\/uploads\/2020\/07\/Naemi-Lilleg\u00e5rden-1536x1354.jpg 1536w, http:\/\/brattensby.se\/wp-content\/uploads\/2020\/07\/Naemi-Lilleg\u00e5rden-2048x1805.jpg 2048w\" sizes=\"auto, (max-width: 253px) 100vw, 253px\" \/><figcaption>Karl och Naemis Friseg\u00e5rd ca 1940.<\/figcaption><\/figure>\n\n\n\n<p><strong><em>1965 \u2014 1992<\/em><\/strong><br>G\u00e5rden s\u00e5ldes 1965 till m\u00e5gen Karl-Erik och dottern Karin Bengtsson i Friseg\u00e5rden, men Karl och Naemi bodde kvar. Karl dog 1974 och Naemi dog 1986.<\/p>\n\n\n\n<figure class=\"wp-block-image size-large\"><img loading=\"lazy\" decoding=\"async\" width=\"1024\" height=\"425\" src=\"http:\/\/brattensby.se\/wp-content\/uploads\/2020\/09\/Lilleg-1024x425.jpeg\" alt=\"\" class=\"wp-image-1939\" srcset=\"http:\/\/brattensby.se\/wp-content\/uploads\/2020\/09\/Lilleg-1024x425.jpeg 1024w, http:\/\/brattensby.se\/wp-content\/uploads\/2020\/09\/Lilleg-300x125.jpeg 300w, http:\/\/brattensby.se\/wp-content\/uploads\/2020\/09\/Lilleg-150x62.jpeg 150w, http:\/\/brattensby.se\/wp-content\/uploads\/2020\/09\/Lilleg-768x319.jpeg 768w, http:\/\/brattensby.se\/wp-content\/uploads\/2020\/09\/Lilleg-1536x638.jpeg 1536w, http:\/\/brattensby.se\/wp-content\/uploads\/2020\/09\/Lilleg-2048x850.jpeg 2048w\" sizes=\"auto, (max-width: 1024px) 100vw, 1024px\" \/><figcaption>2020<\/figcaption><\/figure>\n\n\n\n<p><strong><em>1992 \u2014<\/em><\/strong><br><strong>Christer Bengtsson<\/strong> f 1955 k\u00f6per g\u00e5rden av sin f\u00f6r\u00e4ldrarna.<\/p>\n\n\n\n<p class=\"has-medium-font-size\"><strong>Br\u00e5ttensby 5:5<\/strong> <\/p>\n\n\n\n<p class=\"has-medium-font-size\"><strong>F\u00f6re detta Br\u00e5ttensby skola<\/strong><\/p>\n\n\n\n<p><strong><em>1920 \u2014 1997<\/em><\/strong><br>Br\u00e5ttensby skola l\u00e5g tidigare d\u00e4r nu bygdeg\u00e5rden ligger men 1918 kr\u00e4vde d\u00e5varande folkskoleinspekt\u00f6r Walstr\u00f6m att en ny tidsenlig skola skulle byggas. Det bodde 330 personer i Br\u00e5ttensby och antalet skattekronor var l\u00e5gt. Det blev en skuld som Herrljunga storkommun fick ta \u00f6ver n\u00e4r den bildades 1952. Mer om detta kan l\u00e4sas i Herrljungaboken fr\u00e5n 1958.<\/p>\n\n\n\n<p>Skolan hade tv\u00e5 klassrum p\u00e5 f\u00f6rsta v\u00e5ning, sl\u00f6jdsal som sedan blev matsal p\u00e5 andra v\u00e5ning och ett mindre rum i den norra delen av andra v\u00e5ning, kommunalrummet f\u00f6r Br\u00e5ttensby och Landa kommun. Fr\u00e5n b\u00f6rjan var det fanns tv\u00e5 l\u00e4genhet, en f\u00f6r sm\u00e5skoll\u00e4raren p\u00e5 narra v\u00e5ning och  en f\u00f6r folkskoll\u00e4raren p\u00e5 f\u00f6rsta v\u00e5ning. 1928 kom Robert Remberg tidigare Johansson som bodde d\u00e4r till slutet p\u00e5 1950-talet. De senare \u00e5ren anv\u00e4ndes dessa rum i undervisning mm. Eleverna hade toaletter i en byggnad som \u00e4ven anv\u00e4ndes som garage mm. En stor tr\u00e4dg\u00e5rd som sk\u00f6ttes av l\u00e4rarens familj och grusplaner f\u00f6r rast och lek.<\/p>\n\n\n\n<p>Skolan drevs fram till 1996 d\u00e5 Eggvena skola byggts ut och och f\u00e5tt en f\u00f6r denna nya tid en mer tidsenlig skolenhet. Byggnaden stod tom fram till den s\u00e5ldes 1997.<\/p>\n\n\n\n<p><strong><em>1997 \u2014 2007<\/em><\/strong><br><strong>Lennart<\/strong> f 1932 d 2007och <strong>Mona Andersson<\/strong> f 1942 k\u00f6pte byggnaden av kommunen och renoverade l\u00e4genheten i byggnaden. Lennart var pensionerad pr\u00e4st fr\u00e5n Blidsbergs pastorat och tidigare fr\u00e5n Essunga pastorat.<\/p>\n\n\n\n<figure class=\"wp-block-image size-large\"><img loading=\"lazy\" decoding=\"async\" width=\"1024\" height=\"447\" src=\"http:\/\/brattensby.se\/wp-content\/uploads\/2020\/09\/Skolan-1024x447.jpeg\" alt=\"\" class=\"wp-image-1937\" srcset=\"http:\/\/brattensby.se\/wp-content\/uploads\/2020\/09\/Skolan-1024x447.jpeg 1024w, http:\/\/brattensby.se\/wp-content\/uploads\/2020\/09\/Skolan-300x131.jpeg 300w, http:\/\/brattensby.se\/wp-content\/uploads\/2020\/09\/Skolan-150x65.jpeg 150w, http:\/\/brattensby.se\/wp-content\/uploads\/2020\/09\/Skolan-768x335.jpeg 768w, http:\/\/brattensby.se\/wp-content\/uploads\/2020\/09\/Skolan-1536x670.jpeg 1536w, http:\/\/brattensby.se\/wp-content\/uploads\/2020\/09\/Skolan-2048x893.jpeg 2048w\" sizes=\"auto, (max-width: 1024px) 100vw, 1024px\" \/><\/figure>\n\n\n\n<p><strong><em>2007<\/em><\/strong> <strong><em>\u2014<\/em><\/strong><br><strong>Eva Wissebach<\/strong> f 1958 fr\u00e5n G\u00f6teborg k\u00f6pte skolan och har sedan dess renoverat huset och byggt ett litet h\u00f6nshus.<\/p>\n\n\n\n<p class=\"has-medium-font-size\"><strong>Br\u00e5ttensby 5:14<\/strong><\/p>\n\n\n\n<p><strong>Skomakars &#8211; Hjortatorpet<\/strong><\/p>\n\n\n\n<p><strong><em>1910 \u2014 1971<\/em><\/strong><br>\u00c5r 1910 avstyckade Karl Bengtsson Lilleg\u00e5rden 5:3 ett markomr\u00e5de i utmarken som s\u00e5ldes till skomakaren <strong>Johan Alfred Karlsson<\/strong> f 3\/11 1861. Han var gift med Selma Andreasdotter f 28\/2 1877 i Ljung\u00e5s, d\u00e4r familjen tidigare bott. Deras barn: John Fridolf f 30\/5 1897, Hulda Maria f 20\/2 1902, Josef Natanael f 11\/7 1904 d 1984, Gunnar f 6\/12 1906 (flyttade till Tarsled 1935) och Hugo f 26\/6 1910. Selma dog 1917. Johan Alfred dog 1950. <br>Hugo Karlsson var gift med M\u00e4rta Karlsson f 8\/11 1922. Deras barn: Ragnar f 14\/5 1943, Rune f 15\/4 1946 och Arne Roland f 11\/10 1948. Rune omkom i en trafikolycka 9\/7 1960. Hugo dog 11\/6 1971. P\u00e5 st\u00e4llet finns tv\u00e5 boningshus. Det ena har tidigare st\u00e5tt i Sk\u00e5phult och det andra p\u00e5 S\u00e4teriets utmark (Emil Sj\u00f6bergs). St\u00e4llet bebodes av Hugos bror Josef Karlsson fram till sin d\u00f6d 1984 och hush\u00e5llerskan Dagny Andersson f 1906 flyttade till serviceboende i V\u00e5rg\u00e5rda 1986.<\/p>\n\n\n\n<p><strong><em>1971 \u2014 1986<\/em><\/strong><br>Hugos son <strong>Ragnar Arvidsson<\/strong> f 1948 \u00e4rvde fastigheten 1971.<\/p>\n\n\n\n<figure class=\"wp-block-image size-large\"><img loading=\"lazy\" decoding=\"async\" width=\"1024\" height=\"653\" src=\"http:\/\/brattensby.se\/wp-content\/uploads\/2020\/09\/Skomakars-1-1024x653.png\" alt=\"\" class=\"wp-image-1899\" srcset=\"http:\/\/brattensby.se\/wp-content\/uploads\/2020\/09\/Skomakars-1-1024x653.png 1024w, http:\/\/brattensby.se\/wp-content\/uploads\/2020\/09\/Skomakars-1-300x191.png 300w, http:\/\/brattensby.se\/wp-content\/uploads\/2020\/09\/Skomakars-1-150x96.png 150w, http:\/\/brattensby.se\/wp-content\/uploads\/2020\/09\/Skomakars-1-768x490.png 768w, http:\/\/brattensby.se\/wp-content\/uploads\/2020\/09\/Skomakars-1-1536x979.png 1536w, http:\/\/brattensby.se\/wp-content\/uploads\/2020\/09\/Skomakars-1-2048x1306.png 2048w\" sizes=\"auto, (max-width: 1024px) 100vw, 1024px\" \/><figcaption>Fr\u00e5n Sk\u00e5phult<\/figcaption><\/figure>\n\n\n\n<figure class=\"wp-block-image size-large\"><img loading=\"lazy\" decoding=\"async\" width=\"1024\" height=\"708\" src=\"http:\/\/brattensby.se\/wp-content\/uploads\/2020\/09\/Skomakars-1024x708.png\" alt=\"\" class=\"wp-image-1900\" srcset=\"http:\/\/brattensby.se\/wp-content\/uploads\/2020\/09\/Skomakars-1024x708.png 1024w, http:\/\/brattensby.se\/wp-content\/uploads\/2020\/09\/Skomakars-300x207.png 300w, http:\/\/brattensby.se\/wp-content\/uploads\/2020\/09\/Skomakars-150x104.png 150w, http:\/\/brattensby.se\/wp-content\/uploads\/2020\/09\/Skomakars-768x531.png 768w, http:\/\/brattensby.se\/wp-content\/uploads\/2020\/09\/Skomakars-1536x1062.png 1536w, http:\/\/brattensby.se\/wp-content\/uploads\/2020\/09\/Skomakars-2048x1416.png 2048w\" sizes=\"auto, (max-width: 1024px) 100vw, 1024px\" \/><figcaption>Fr\u00e5n S\u00e4teriets utmark (Emil Sj\u00f6bergs)<\/figcaption><\/figure>\n\n\n\n<p><strong><em>1986 \u2014<\/em><\/strong><br><strong>Ingemar <strong>Hjorth<\/strong><\/strong> <strong>f 1947<\/strong> <strong>och Anita <strong>Hjorth<\/strong><\/strong> <strong>f 1946<\/strong>, Trollh\u00e4ttan k\u00f6pte fastigheten av Ragnar Arvidsson som sommarstuga.<\/p>\n\n\n\n<figure class=\"wp-block-image size-large\"><img loading=\"lazy\" decoding=\"async\" width=\"1024\" height=\"609\" src=\"http:\/\/brattensby.se\/wp-content\/uploads\/2020\/09\/IMG_1319-1024x609.jpeg\" alt=\"\" class=\"wp-image-1902\" srcset=\"http:\/\/brattensby.se\/wp-content\/uploads\/2020\/09\/IMG_1319-1024x609.jpeg 1024w, http:\/\/brattensby.se\/wp-content\/uploads\/2020\/09\/IMG_1319-300x178.jpeg 300w, http:\/\/brattensby.se\/wp-content\/uploads\/2020\/09\/IMG_1319-150x89.jpeg 150w, http:\/\/brattensby.se\/wp-content\/uploads\/2020\/09\/IMG_1319-768x457.jpeg 768w, http:\/\/brattensby.se\/wp-content\/uploads\/2020\/09\/IMG_1319-1536x914.jpeg 1536w, http:\/\/brattensby.se\/wp-content\/uploads\/2020\/09\/IMG_1319-2048x1218.jpeg 2048w\" sizes=\"auto, (max-width: 1024px) 100vw, 1024px\" \/><figcaption>Samma som ovan tagen 2020<\/figcaption><\/figure>\n\n\n\n<p class=\"has-medium-font-size\"><strong>Br\u00e5ttensby 5:2<\/strong><\/p>\n\n\n\n<p><strong>Svenssons<\/strong><\/p>\n\n\n\n<p><strong><em>Ca 1830 \u2014 1861<\/em><\/strong><br>Lars Larsson i Backg\u00e5rden \u00e4gde och brukade halva Lilleg\u00e5rden. Sonen Johannes Larsson tog senare \u00f6ver lotten men \u00e4ven han bodde i Backg\u00e5rden.<\/p>\n\n\n\n<p><strong><em>1861 \u2014 1903<\/em><\/strong><br>G\u00e5rdshalvan fick slutligen innebyggare: <strong>Sven Johansson<\/strong> f 1836 i Kullings-Sk\u00f6vde, son till Johan St\u00e5l i Backg\u00e5rden, gift 1861 med tidigare \u00e4garens dotter <strong>Kristina Johansdotter<\/strong> f 1837. Deras hus stod f\u00f6rst p\u00e5 gamla byplatsen och fick allts\u00e5 flyttas till nuvarande tomtplats. Sven och Kristinas barn: Tilda f 1862, Sofia f 1864 (till Nolg\u00e5rden 6:2), Herman f 1867 (d s \u00e5), Herman f 1868 (se nedan), Emma f 1872 (d 1879), Martin Emil f 1875 (d 1879), Karl Hjalmar f 1878 (d 1879). Kristina dog 1909 och Sven dog 1910.<\/p>\n\n\n\n<p><strong><em>1903 \u2014 1940<\/em><\/strong><br>Sonen <strong>Herman Svensson<\/strong> f 1868 gifte sig 1903 med <strong>Selma Bengtsdotter<\/strong> f 1878 i Friseg\u00e5rden och \u00f6vertog g\u00e5rden. Barn: Josef Algot f 1904 (d s \u00e5), Simon f 1905 (g 1937 m Karin, bodde i Tibro), Sigrid f 1906 (g 1939 m Erik Eriksson i Skallsj\u00f6 S\u00f6rg\u00e5rden), Rut f 1908 (till Backg\u00e5rden 4:2), Bertil f 1909 (antog namnet Stenemyr, g m Ruth Andersson f 1911 i Dalsland, d 1979), Helmer f 1911 (se nedan), M\u00e4rta f 1913 (g m Per Persson Kl\u00e4desholm), Ingrid f 1916 (g m Ingemar Ambj\u00f6rn i Tillberga, boende f\u00f6rst i Tillberga och sedan i Oxel\u00f6sund), Dagny f 1919 (g m Georg Andersson, boende i Lysekil, d 1981). Selma dog 1923 och Herman gifte \u00e5ret d\u00e4rp\u00e5 om sig med Gerda Samuelsson f 1881 i G\u00e4ddeg\u00e5rden. I samband med detta byggdes nuvarande bostadshus som liknade det nybyggda hus i G\u00e4ddeg\u00e5rden som Gerda kom fr\u00e5n. Herman dog 1940 och Gerda dog 1965.<\/p>\n\n\n\n<figure class=\"wp-block-image size-large is-resized\"><img loading=\"lazy\" decoding=\"async\" src=\"http:\/\/brattensby.se\/wp-content\/uploads\/2020\/07\/Helmer-i-Lilleg\u00e5rden-1024x704.jpeg\" alt=\"\" class=\"wp-image-1479\" width=\"512\" height=\"352\" srcset=\"http:\/\/brattensby.se\/wp-content\/uploads\/2020\/07\/Helmer-i-Lilleg\u00e5rden-1024x704.jpeg 1024w, http:\/\/brattensby.se\/wp-content\/uploads\/2020\/07\/Helmer-i-Lilleg\u00e5rden-300x206.jpeg 300w, http:\/\/brattensby.se\/wp-content\/uploads\/2020\/07\/Helmer-i-Lilleg\u00e5rden-150x103.jpeg 150w, http:\/\/brattensby.se\/wp-content\/uploads\/2020\/07\/Helmer-i-Lilleg\u00e5rden-768x528.jpeg 768w, http:\/\/brattensby.se\/wp-content\/uploads\/2020\/07\/Helmer-i-Lilleg\u00e5rden-1536x1057.jpeg 1536w, http:\/\/brattensby.se\/wp-content\/uploads\/2020\/07\/Helmer-i-Lilleg\u00e5rden-2048x1409.jpeg 2048w\" sizes=\"auto, (max-width: 512px) 100vw, 512px\" \/><figcaption>Svenssons Lilleg\u00e5rd ca 1940<\/figcaption><\/figure>\n\n\n\n<p><strong><em>1940 \u2014 ca 1990<\/em><\/strong><br>Sonen <strong>Helmer Svensson<\/strong> f 1911 \u00f6vertog nu g\u00e5rden. Han gifte sig 1945 med <strong>Elly Mattsson<\/strong> f 1914 i Ulvestorp, Fullestad. Barn: Urban f 1946 (g m Gudrun f Andersson 1951 i Arvika, till G\u00f6teborg), Annette f 1951 (till Halmstad). Elly dog 1985 och Helmer dog 1994.<\/p>\n\n\n\n<p><strong><em>1990 \u2014<\/em><\/strong><br>Helmers barn \u00e4ger g\u00e5rden sedan 1975 men bor p\u00e5 annan ort. Jorden arrenderades ut till Ingvar Valdemarsson i Backg\u00e5rden.<\/p>\n\n\n\n<p><strong><em>20?? \u2014<\/em><\/strong><br><strong>Urban Svensson<\/strong> k\u00f6per ut Annettes del ? och s\u00e4ljer senare jordbruksmarken till Joakim Hermansson.<\/p>\n\n\n\n<p><strong><em>20?? \u2014<\/em><\/strong> <br>Jordbruksmarken k\u00f6ps av <strong>Joakim Hermansson<\/strong> f 1985 och har fastighetsbeteckning Eggvena 3:3.<\/p>\n","protected":false},"excerpt":{"rendered":"<p>Lilleg\u00e5rden var p\u00e5 1500- och 1600-talen ett av flera fr\u00e4lsehemman i Br\u00e5ttensby by. Om Lilleg\u00e5rden var s\u00e4rskilt liten fr\u00e5n b\u00f6rjan \u00e4r oklart. Namnet dyker upp i k\u00e4llorna f\u00f6rsta g\u00e5ngen p\u00e5 1610-talet och kring samma tid f\u00f6rmedlades ocks\u00e5 g\u00e5rden fr\u00e5n ett helt till ett halvt mantal s\u00e5 kanske var det f\u00f6rst vid den h\u00e4r tiden som [&hellip;]<\/p>\n","protected":false},"author":1,"featured_media":0,"parent":0,"menu_order":0,"comment_status":"closed","ping_status":"closed","template":"","meta":{"footnotes":""},"class_list":["post-1230","page","type-page","status-publish","hentry","last-post"],"_links":{"self":[{"href":"http:\/\/brattensby.se\/index.php?rest_route=\/wp\/v2\/pages\/1230","targetHints":{"allow":["GET"]}}],"collection":[{"href":"http:\/\/brattensby.se\/index.php?rest_route=\/wp\/v2\/pages"}],"about":[{"href":"http:\/\/brattensby.se\/index.php?rest_route=\/wp\/v2\/types\/page"}],"author":[{"embeddable":true,"href":"http:\/\/brattensby.se\/index.php?rest_route=\/wp\/v2\/users\/1"}],"replies":[{"embeddable":true,"href":"http:\/\/brattensby.se\/index.php?rest_route=%2Fwp%2Fv2%2Fcomments&post=1230"}],"version-history":[{"count":26,"href":"http:\/\/brattensby.se\/index.php?rest_route=\/wp\/v2\/pages\/1230\/revisions"}],"predecessor-version":[{"id":1982,"href":"http:\/\/brattensby.se\/index.php?rest_route=\/wp\/v2\/pages\/1230\/revisions\/1982"}],"wp:attachment":[{"href":"http:\/\/brattensby.se\/index.php?rest_route=%2Fwp%2Fv2%2Fmedia&parent=1230"}],"curies":[{"name":"wp","href":"https:\/\/api.w.org\/{rel}","templated":true}]}}