{"id":14,"date":"2014-11-21T13:39:19","date_gmt":"2014-11-21T13:39:19","guid":{"rendered":"http:\/\/brattensby.se\/?page_id=14"},"modified":"2022-03-27T20:01:53","modified_gmt":"2022-03-27T19:01:53","slug":"kontakt-2","status":"publish","type":"page","link":"http:\/\/brattensby.se\/?page_id=14","title":{"rendered":"Kontakt"},"content":{"rendered":"<p><strong>Ordf\u00f6rande:<\/strong><br \/>\nChrister H\u00e5kansson, 0513-400 42, gaddegarden[at]gmail.com<\/p>\n<p><strong>Sekreterare:<\/strong><br \/>\nEva Bayard, 0513-400 75, evabayard52[at]gmail.com<\/p>\n<p><strong>Kass\u00f6r:<\/strong><br \/>\nB\u00f6rje Aronsson, 0513-40072,&nbsp;borje.aronsson[at]telia.com<br \/>\nF\u00f6reningens Bankgiro:&nbsp;312-3346<\/p>\n<p><strong>Redaktion:<\/strong><br \/>\nKjell Johansson, 073-551 86 86, info[at]brattensby.se<br \/>\nBarbro Johansson 0322-628113,&nbsp;info[at]brattensby.se<br \/>\nMargareta H\u00e5kansson,&nbsp;073-930 41 44, gaddegarden[at]gmail.com<br \/>\nMargareta Kyl\u00e9n, 076-164 95 05, margareta.kylen[at]gmail.com<\/p>\n","protected":false},"excerpt":{"rendered":"<p>Ordf\u00f6rande: Christer H\u00e5kansson, 0513-400 42, gaddegarden[at]gmail.com Sekreterare: Eva Bayard, 0513-400 75, evabayard52[at]gmail.com Kass\u00f6r: B\u00f6rje Aronsson, 0513-40072,&nbsp;borje.aronsson[at]telia.com F\u00f6reningens Bankgiro:&nbsp;312-3346 Redaktion: Kjell Johansson, 073-551 86 86, info[at]brattensby.se Barbro Johansson 0322-628113,&nbsp;info[at]brattensby.se Margareta H\u00e5kansson,&nbsp;073-930 41 44, gaddegarden[at]gmail.com Margareta Kyl\u00e9n, 076-164 95 05, margareta.kylen[at]gmail.com<\/p>\n","protected":false},"author":1,"featured_media":0,"parent":0,"menu_order":0,"comment_status":"closed","ping_status":"open","template":"","meta":{"footnotes":""},"class_list":["post-14","page","type-page","status-publish","hentry","last-post"],"_links":{"self":[{"href":"http:\/\/brattensby.se\/index.php?rest_route=\/wp\/v2\/pages\/14","targetHints":{"allow":["GET"]}}],"collection":[{"href":"http:\/\/brattensby.se\/index.php?rest_route=\/wp\/v2\/pages"}],"about":[{"href":"http:\/\/brattensby.se\/index.php?rest_route=\/wp\/v2\/types\/page"}],"author":[{"embeddable":true,"href":"http:\/\/brattensby.se\/index.php?rest_route=\/wp\/v2\/users\/1"}],"replies":[{"embeddable":true,"href":"http:\/\/brattensby.se\/index.php?rest_route=%2Fwp%2Fv2%2Fcomments&post=14"}],"version-history":[{"count":15,"href":"http:\/\/brattensby.se\/index.php?rest_route=\/wp\/v2\/pages\/14\/revisions"}],"predecessor-version":[{"id":2062,"href":"http:\/\/brattensby.se\/index.php?rest_route=\/wp\/v2\/pages\/14\/revisions\/2062"}],"wp:attachment":[{"href":"http:\/\/brattensby.se\/index.php?rest_route=%2Fwp%2Fv2%2Fmedia&parent=14"}],"curies":[{"name":"wp","href":"https:\/\/api.w.org\/{rel}","templated":true}]}}