{"id":2048,"date":"2021-12-05T18:32:35","date_gmt":"2021-12-05T17:32:35","guid":{"rendered":"http:\/\/brattensby.se\/?page_id=2048"},"modified":"2021-12-05T18:54:25","modified_gmt":"2021-12-05T17:54:25","slug":"__trashed-2","status":"publish","type":"page","link":"http:\/\/brattensby.se\/?page_id=2048","title":{"rendered":"Hj\u00e4rtstartare"},"content":{"rendered":"\n<figure class=\"wp-block-image size-medium\"><img loading=\"lazy\" decoding=\"async\" width=\"300\" height=\"300\" src=\"http:\/\/brattensby.se\/wp-content\/uploads\/2021\/12\/11260-000047-angled-300x300.jpeg\" alt=\"\" class=\"wp-image-2053\" srcset=\"http:\/\/brattensby.se\/wp-content\/uploads\/2021\/12\/11260-000047-angled-300x300.jpeg 300w, http:\/\/brattensby.se\/wp-content\/uploads\/2021\/12\/11260-000047-angled-650x650.jpeg 650w, http:\/\/brattensby.se\/wp-content\/uploads\/2021\/12\/11260-000047-angled-150x150.jpeg 150w, http:\/\/brattensby.se\/wp-content\/uploads\/2021\/12\/11260-000047-angled-768x768.jpeg 768w, http:\/\/brattensby.se\/wp-content\/uploads\/2021\/12\/11260-000047-angled.jpeg 800w\" sizes=\"auto, (max-width: 300px) 100vw, 300px\" \/><\/figure>\n\n\n\n<p>Nu finns det en hj\u00e4rtstartare i mj\u00f6lkrummet p\u00e5 Guntorp, tillg\u00e4nglig f\u00f6r alla. <\/p>\n","protected":false},"excerpt":{"rendered":"<p>Nu finns det en hj\u00e4rtstartare i mj\u00f6lkrummet p\u00e5 Guntorp, tillg\u00e4nglig f\u00f6r alla.<\/p>\n","protected":false},"author":1,"featured_media":0,"parent":0,"menu_order":0,"comment_status":"closed","ping_status":"closed","template":"","meta":{"footnotes":""},"class_list":["post-2048","page","type-page","status-publish","hentry","last-post"],"_links":{"self":[{"href":"http:\/\/brattensby.se\/index.php?rest_route=\/wp\/v2\/pages\/2048","targetHints":{"allow":["GET"]}}],"collection":[{"href":"http:\/\/brattensby.se\/index.php?rest_route=\/wp\/v2\/pages"}],"about":[{"href":"http:\/\/brattensby.se\/index.php?rest_route=\/wp\/v2\/types\/page"}],"author":[{"embeddable":true,"href":"http:\/\/brattensby.se\/index.php?rest_route=\/wp\/v2\/users\/1"}],"replies":[{"embeddable":true,"href":"http:\/\/brattensby.se\/index.php?rest_route=%2Fwp%2Fv2%2Fcomments&post=2048"}],"version-history":[{"count":2,"href":"http:\/\/brattensby.se\/index.php?rest_route=\/wp\/v2\/pages\/2048\/revisions"}],"predecessor-version":[{"id":2054,"href":"http:\/\/brattensby.se\/index.php?rest_route=\/wp\/v2\/pages\/2048\/revisions\/2054"}],"wp:attachment":[{"href":"http:\/\/brattensby.se\/index.php?rest_route=%2Fwp%2Fv2%2Fmedia&parent=2048"}],"curies":[{"name":"wp","href":"https:\/\/api.w.org\/{rel}","templated":true}]}}