{"id":68,"date":"2014-11-21T16:24:57","date_gmt":"2014-11-21T16:24:57","guid":{"rendered":"http:\/\/brattensby.se\/?page_id=68"},"modified":"2019-10-17T13:04:41","modified_gmt":"2019-10-17T12:04:41","slug":"om-brattensby","status":"publish","type":"page","link":"http:\/\/brattensby.se\/?page_id=68","title":{"rendered":"Om Br\u00e5ttensby"},"content":{"rendered":"<p>H\u00e4r kan vi l\u00e4gga in informativa texter om Br\u00e5ttensby. H\u00e4r ligger f\u00f6rslag p\u00e5 \u00e4mnen som rubriker. Vill du skriva n\u00e5gon text, bilder eller annat som passar h\u00e4r, kontakta Kjell.<\/p>\n<h2>Geografi<\/h2>\n<h5>Karta<\/h5>\n<p>H\u00e4r har vi lagt in tre kartor. Den f\u00f6rsta visar gr\u00e4nser, \u00e5ar och v\u00e4gar, n\u00e4sta karta visar var Br\u00e5ttensby ligger och var Herrljunga ligger.<\/p>\n<p><a href=\"http:\/\/brattensby.se\/wp-content\/uploads\/2015\/01\/bkarta.jpg\"><img loading=\"lazy\" decoding=\"async\" class=\"alignnone wp-image-260 size-full\" src=\"http:\/\/brattensby.se\/wp-content\/uploads\/2015\/01\/bkarta.jpg\" alt=\"bkarta\" width=\"621\" height=\"625\" srcset=\"http:\/\/brattensby.se\/wp-content\/uploads\/2015\/01\/bkarta.jpg 621w, http:\/\/brattensby.se\/wp-content\/uploads\/2015\/01\/bkarta-150x150.jpg 150w, http:\/\/brattensby.se\/wp-content\/uploads\/2015\/01\/bkarta-298x300.jpg 298w\" sizes=\"auto, (max-width: 621px) 100vw, 621px\" \/><\/a><\/p>\n<div id=\"attachment_259\" style=\"width: 404px\" class=\"wp-caption alignleft\"><a href=\"http:\/\/brattensby.se\/wp-content\/uploads\/2015\/01\/Herrkarta.jpg\"><img loading=\"lazy\" decoding=\"async\" aria-describedby=\"caption-attachment-259\" class=\"wp-image-259 size-full\" src=\"http:\/\/brattensby.se\/wp-content\/uploads\/2015\/01\/Herrkarta.jpg\" alt=\"Herrkarta\" width=\"394\" height=\"338\" srcset=\"http:\/\/brattensby.se\/wp-content\/uploads\/2015\/01\/Herrkarta.jpg 394w, http:\/\/brattensby.se\/wp-content\/uploads\/2015\/01\/Herrkarta-150x128.jpg 150w, http:\/\/brattensby.se\/wp-content\/uploads\/2015\/01\/Herrkarta-300x257.jpg 300w\" sizes=\"auto, (max-width: 394px) 100vw, 394px\" \/><\/a><p id=\"caption-attachment-259\" class=\"wp-caption-text\">Br\u00e5ttensby ligger i v\u00e4stra delen av Herrljunga.<\/p><\/div>\n<div id=\"attachment_258\" style=\"width: 329px\" class=\"wp-caption alignleft\"><a href=\"http:\/\/brattensby.se\/wp-content\/uploads\/2015\/01\/VGkarta.jpg\"><img loading=\"lazy\" decoding=\"async\" aria-describedby=\"caption-attachment-258\" class=\"wp-image-258 size-full\" src=\"http:\/\/brattensby.se\/wp-content\/uploads\/2015\/01\/VGkarta.jpg\" alt=\"VGkarta\" width=\"319\" height=\"235\" srcset=\"http:\/\/brattensby.se\/wp-content\/uploads\/2015\/01\/VGkarta.jpg 319w, http:\/\/brattensby.se\/wp-content\/uploads\/2015\/01\/VGkarta-150x110.jpg 150w, http:\/\/brattensby.se\/wp-content\/uploads\/2015\/01\/VGkarta-300x221.jpg 300w\" sizes=\"auto, (max-width: 319px) 100vw, 319px\" \/><\/a><p id=\"caption-attachment-258\" class=\"wp-caption-text\">Br\u00e5ttensby och Herrljunga i relation till st\u00f6rre st\u00e4der bla G\u00f6teborg.<\/p><\/div>\n<p>I kartan <span style=\"color: #0000ff;\"><a style=\"color: #0000ff;\" href=\"https:\/\/kartor.skogsstyrelsen.se\/kartor\/\" target=\"_blank\" rel=\"noopener noreferrer\">Skogens P\u00e4rlor<\/a><\/span> kan du hitta intressanta milj\u00f6er och fornminnen. Du f\u00e5r klicka dig fram till Br\u00e5ttensby eller s\u00f6ka i s\u00f6kf\u00e4ltet.<\/p>\n<h2>F\u00f6retag<\/h2>\n<p>V\u00e4ntar p\u00e5 text<\/p>\n<h2>F\u00f6reningen<\/h2>\n<p>V\u00e4ntar p\u00e5 text<\/p>\n<h2>Andra f\u00f6reningar<\/h2>\n<p>V\u00e4ntar p\u00e5 text<\/p>\n<h2>Historia<\/h2>\n<p>(Sammanst\u00e4llt av Eva Bayard)<\/p>\n<h5>Fr\u00e5n gods och g\u00e5rdar, 1941<\/h5>\n<p>Br\u00e5ttensby och Landa socknar av Kullings h\u00e4rad bilda tillsammans en kommun. Br\u00e5ttensby \u00e4r den norra delen av kommunen. I norr bildar \u00e5n Nossan delvis naturlig gr\u00e4ns. I Br\u00e5ttensby \u00e4r det i huvudsak den nord\u00f6stra delen som \u00e4r uppodlad. F\u00f6r \u00f6vrigt \u00e4r det skogs- och sv\u00e4ltmarker som dominera.<\/p>\n<p>Fornminnen: Ett j\u00e4rn\u00e5ldersgravf\u00e4lt \u00e4r bel\u00e4get \u00e5 den s. k. H\u00f6gsbacken i Br\u00e5ttensby. Fr\u00e5n Gunntorp finnes en rest sten noterad och fr\u00e5n H\u00e4gnen en stens\u00e4ttning.<\/p>\n<p>Inv\u00e5narantal: 390 (1940)<\/p>\n<p>\u201dBrutensby\u201d n\u00e4mnes 1396 och \u201dBrottensby\u201d 1494.<\/p>\n<p>Kyrkan i Br\u00e5ttensby har uppf\u00f6rts av ek med tegelt\u00e4ckt l\u00e5nghus och v\u00e4sttorn antagligen n\u00e5gon g\u00e5ng p\u00e5 1600-talet. \u00c5r 1899 restaurerades kyrkan grundligt. Altarprydnaden tillkom \u00e5r 1746 och renoverades senast 1843. Den f\u00f6rest\u00e4ller Kristus p\u00e5 korset samt Johannes och Maria.<\/p>\n<h5>Fr\u00e5n Sveriges bebyggelse, av folkskoll\u00e4rare Robert Rehmberg 1950-talet<\/h5>\n<p>Br\u00e5ttensby f\u00f6rsamling \u00e4r en av de mindre i \u00c4lvsborgs l\u00e4n. Dess ytvidd utg\u00f6r blott 1.067 hektar, och folkm\u00e4ngden den 1 januari 1950 till 189 personer. I s\u00f6der gr\u00e4nsar Br\u00e5ttensby till Landa f\u00f6rsamling, i sydv\u00e4st och v\u00e4st till Tumberg, i nordv\u00e4st och norr till Eggvena samt i \u00f6ster till Remmene socken. I kyrkligt h\u00e4nseende h\u00f6r Br\u00e5ttensby till Algutstorps pastorat.<\/p>\n<p>F\u00f6rsamlingen ligger i v\u00e4stra utkanten av de s. k. Sv\u00e4ltorna, som emellertid numera inte g\u00f6r sk\u00e4l f\u00f6r dettta namn, d\u00e5 det utg\u00f6r en vacker skogstrakt med h\u00e4r och d\u00e4r v\u00e4lsk\u00f6tta g\u00e5rdar. Br\u00e5ttensby kan med h\u00e4nsyn till utseendet delas i tv\u00e5 skilda delar. Den norra och \u00f6stra delen \u00e4r ett t\u00e4mligen flackt men b\u00f6rdigt och v\u00e4lodlat sl\u00e4ttland, som i norr skiljes fr\u00e5n Eggvena genom den slingrande \u00e5n Nossan. I \u00f6ster \u00f6verg\u00e5r den leriga sl\u00e4ttbygden allt mer i mossmark mot den s.k. Myrb\u00e4cken, som h\u00e4r utg\u00f6r gr\u00e4ns mot Remmene. I s\u00f6der och v\u00e4ster \u00e4r Br\u00e5ttensby en utpr\u00e4glad skogstrakt, rik p\u00e5 \u00e5sar och med sm\u00e4rre mossar inb\u00e4ddade.<\/p>\n<p>Br\u00e5ttensby \u00e4r helt och h\u00e5llet en jordbruksbygd, och skogen, som \u00e4gs av jordbrukarna, anv\u00e4ndes till br\u00e4nsle och virke f\u00f6r husbehov. \u00c5kern utg\u00f6r ungef\u00e4r 33 % av landarealen.<\/p>\n<p>St\u00f6rre g\u00e5rdar saknas numera. Tidigare funnos tv\u00e5 s\u00e4tesg\u00e5rdar, n\u00e4mligen det nuvarande S\u00e4teriet, som det fr\u00e5n 1913 kallades och Guntorp.<\/p>\n<p>S\u00e4teriet hette tidigare Herreg\u00e5rden, vilket namn g\u00e5rden erh\u00f6ll 1799. G\u00e5rden har innehafts av bl. a. Anders Gyllenborg, kaptenl\u00f6jtnant G. N. Gyllenhaal samt dennes sv\u00e4rson f\u00e4nrik J. B. Gyllensting, och \u00e5r 1787 \u00f6vergick den i kapten Valfelts \u00e4go f\u00f6r att sedan delas i fyra mindre enheter.<\/p>\n<p>Den andra st\u00f6rre g\u00e5rden var den \u201dv\u00e4lborne Brynte Gyllengrens s\u00e4tesg\u00e5rd\u201d Guntorp. \u00c5r 1685 synes den ha delats i tv\u00e5 h\u00e4lfter. Den enas innehavare var Lennart Lakes arvingar, medan den andra \u00e4gdes av Bengt Hj\u00e4rta. Vid 1700-talets b\u00f6rjan kallades g\u00e5rden fru Anna Hjertas s\u00e4teri. Den tillh\u00f6rde sedermera kapten Ture Lejonstolpe och f\u00e4nrik Leonard Rutensk\u00f6ld, i vars sl\u00e4kt g\u00e5rden var till inemot 1830. Den \u00e4gdes d\u00e5 av major G. Rutensk\u00f6ld. Sedan gick den ur sl\u00e4kten och \u00e4r nu delad p\u00e5 flera \u00e4gare.<\/p>\n<p>De \u00f6vriga g\u00e5rdarna i Br\u00e5ttensby rote eller r\u00e4ttare by l\u00e5go i en klunga i n\u00e4rheten av kyrkan, och g\u00e5rdarna fingo namn efter sitt l\u00e4ge i byn. Laga skifte \u00e4gde rum \u00e5r 1870, och g\u00e5rdarna flyttade efter mycken tr\u00e4ta ut till de platser, d\u00e4r de nu ligga. \u00c4nnu idag finns en del l\u00e4mningar kvar av den gamla byn, s\u00e5som brunnar, k\u00e4llare och husgrunder.<\/p>\n<p>Om bynamnet g\u00e5 olika s\u00e4gner. En del vet f\u00f6rt\u00e4lja att i byn skulle beg\u00e5tts n\u00e5got eller n\u00e5gra grova brott. Namnet skulle d\u00e5 vara liktydigt med byn d\u00e4r brotten begicks. Men enligt andra s\u00e4gner skulle namnet komma av bryta i betydelsen bryta sten, p\u00e5 dialektspr\u00e5k bruta, d\u00e4rav det tidigare namnet Brutensby. En tredje version vet att f\u00f6rt\u00e4lja, att namnet st\u00e5 i f\u00f6rbindelse med de danska krigst\u00e5gen genom trakten under 1200- och 1300-talen, d\u00e5 br\u00e5tar, vallar av stora tr\u00e4d, f\u00e4lles just i n\u00e4rheten av byn f\u00f6r att hindra fienden att tr\u00e4nga fram.<\/p>\n<p>I f\u00f6rsamlingen fanns \u00e4nnu en by, som sedan 1546 upptog tre g\u00e5rdar, n\u00e4mligen Lunda. \u00c4ven denna by skiftades 1870. Utom n\u00e4mnda g\u00e5rdar och byar funnos tvenne g\u00e5rdar, n\u00e4mligen det forna kronobygget H\u00e4gnen och fr\u00e4lset Odetorp.<\/p>\n<p>Br\u00e5ttensby \u00e4r ej s\u00e4rdeles rikt p\u00e5 fornl\u00e4mningar, men fynd ha gjorts som visa, att orten var bebodd redan under sten\u00e5ldern. S\u00e5lunda har flera stenyxor och en sl\u00e4ndtrissa hittats, och flintflis tycks tyda p\u00e5 att en sten\u00e5ldersby fanns i nord\u00f6stra delen av nuvarande socken. Mindre fynd fr\u00e5n brons\u00e5ldern ha \u00e4ven gjorts. En stens\u00e4ttning s\u00f6derut, ett gravf\u00e4lt och n\u00e5gra bautastenar \u00e4ro f\u00f6r \u00f6vrigt vad som nu \u00e4r k\u00e4nt.<\/p>\n<p>En s\u00e4gen om en kyrka, som skulle stamma fr\u00e5n 1100- eller 1200-talet och ha legat nuvarande Stommens utmark i socknens s\u00f6dra del, torde knappt ha n\u00e5gon sanningshalt. N\u00e5gon utgr\u00e4vning har ej gjorts p\u00e5 platsen, men det synes som en byggnad en g\u00e5ng skulle ha funnits d\u00e4r, dock knappast en kyrka.<\/p>\n<p>Den nuvarande kyrkan \u00e4r uppf\u00f6rd av ek, m\u00f6jligen vid mitten av 1600-talet, men genomgick under 1890-talt slut restaurering, som fullst\u00e4ndigt \u00e4ndrade dess s\u00e5v\u00e4l inre som yttre utseende. P\u00e5 samma g\u00e5ng 1898 uppf\u00f6rdes ett torn \u00f6ver vapenhuset. Den nuvarande inredningen stammar fr\u00e5n samma tid och \u00e4r sk\u00e4ligen enkel. Altartavlan \u00e4r av gammalt datum med en skulpterad bild fr\u00e5n 1746 f\u00f6rest\u00e4llande Kristus p\u00e5 korset j\u00e4mte Johannes och Maria. I kyrkan finnes tv\u00e4nne vapensk\u00f6ldar m\u00e5lade i heraldiska f\u00e4rger. Den st\u00f6rre p\u00e5 l\u00e5nghusets s\u00f6dra sida \u00e4r f\u00f6rsedd med inskriptionen \u201dH. R Gyllenhaal\u201d. P\u00e5 den lilla p\u00e5 norra sidan st\u00e5r \u201dI.B. Gylengr\u00f6nn\u201d. Bland de v\u00e4rdefullaste inventarierna m\u00e5 n\u00e4mnas en m\u00e4sshake fr\u00e5n 1600-talet i gr\u00f6n fasonerad sammet. I tornet finnas tv\u00e5 klockor. Den st\u00f6rre klockan \u00e4r \u00e4ldst, och en inskription anger, att den blev omgjuten \u00e5r 1977 av Billsten i Skara. Den lilla klockan, som uppsattes 1926 och \u00e4r en g\u00e5va av Br\u00e5ttensby kyrkliga syf\u00f6rening. Det s\u00e4ges att kyrkan tidigare haft tv\u00e5 klockor, men under ofredstider skulle den ena tagits ned och s\u00e4nkts i den lilla s. k. Gullsj\u00f6n sydv\u00e4st om kyrkan. Samma s\u00e4gen vet ocks\u00e5 att f\u00f6rm\u00e4la, hur klockan en g\u00e5ng skulle b\u00e4rgas och transporteras fr\u00e5n sj\u00f6n p\u00e5 tv\u00e5 vita oxar, men p\u00e5 grund av taltr\u00e4ngdhet, misslyckades det att f\u00e5 upp den ur sj\u00f6n. D\u00e4remot \u00e4r det sant att vid kyrkans restaurering tvenne f\u00f6nster bortf\u00f6rdes fr\u00e5n kyrkan och insattes i den stuga, som tidigare varit ett p\u00e5 G\u00e4ddeg\u00e5rden bel\u00e4get br\u00e4nneri och nyss \u00e5teruppf\u00f6rts p\u00e5 torpet Ljung\u00e5s i Br\u00e5ttensby. D\u00e4r l\u00e4ra de sitta \u00e4nnu.<\/p>\n<p>Under kyrkans golv finnas tv\u00e5 vid restaureringen 1898 igenlagda gravkamrar, d\u00e4r de ovan n\u00e4mnda sk\u00f6ldarnas tidigare \u00e4gare med familjer nu sova sin sista s\u00f6mn.<\/p>\n","protected":false},"excerpt":{"rendered":"<p>H\u00e4r kan vi l\u00e4gga in informativa texter om Br\u00e5ttensby. H\u00e4r ligger f\u00f6rslag p\u00e5 \u00e4mnen som rubriker. Vill du skriva n\u00e5gon text, bilder eller annat som passar h\u00e4r, kontakta Kjell. Geografi Karta H\u00e4r har vi lagt in tre kartor. Den f\u00f6rsta visar gr\u00e4nser, \u00e5ar och v\u00e4gar, n\u00e4sta karta visar var Br\u00e5ttensby ligger och var Herrljunga ligger. [&hellip;]<\/p>\n","protected":false},"author":1,"featured_media":0,"parent":0,"menu_order":0,"comment_status":"closed","ping_status":"open","template":"","meta":{"footnotes":""},"class_list":["post-68","page","type-page","status-publish","hentry","last-post"],"_links":{"self":[{"href":"http:\/\/brattensby.se\/index.php?rest_route=\/wp\/v2\/pages\/68","targetHints":{"allow":["GET"]}}],"collection":[{"href":"http:\/\/brattensby.se\/index.php?rest_route=\/wp\/v2\/pages"}],"about":[{"href":"http:\/\/brattensby.se\/index.php?rest_route=\/wp\/v2\/types\/page"}],"author":[{"embeddable":true,"href":"http:\/\/brattensby.se\/index.php?rest_route=\/wp\/v2\/users\/1"}],"replies":[{"embeddable":true,"href":"http:\/\/brattensby.se\/index.php?rest_route=%2Fwp%2Fv2%2Fcomments&post=68"}],"version-history":[{"count":30,"href":"http:\/\/brattensby.se\/index.php?rest_route=\/wp\/v2\/pages\/68\/revisions"}],"predecessor-version":[{"id":1015,"href":"http:\/\/brattensby.se\/index.php?rest_route=\/wp\/v2\/pages\/68\/revisions\/1015"}],"wp:attachment":[{"href":"http:\/\/brattensby.se\/index.php?rest_route=%2Fwp%2Fv2%2Fmedia&parent=68"}],"curies":[{"name":"wp","href":"https:\/\/api.w.org\/{rel}","templated":true}]}}