{"id":1160,"date":"2020-06-17T15:24:10","date_gmt":"2020-06-17T14:24:10","guid":{"rendered":"http:\/\/brattensby.se\/?page_id=1160"},"modified":"2022-12-05T18:35:29","modified_gmt":"2022-12-05T17:35:29","slug":"historia","status":"publish","type":"page","link":"https:\/\/brattensby.se\/?page_id=1160","title":{"rendered":"Historia"},"content":{"rendered":"\n<p><\/p>\n\n\n\n<p><\/p>\n\n\n\n<p><a href=\"http:\/\/brattensby.se\/?page_id=1212\">Backg\u00e5rdens historia<\/a><\/p>\n\n\n\n<p><a href=\"http:\/\/brattensby.se\/?page_id=1194\">Friseg\u00e5rdens historia<\/a> (Dyliden och F\u00f6lene 5:18 ing\u00e5r)<\/p>\n\n\n\n<p><a href=\"http:\/\/brattensby.se\/?page_id=1157(\u00f6ppnas i en ny flik)\">Guntorps historia<\/a><\/p>\n\n\n\n<p><a href=\"http:\/\/brattensby.se\/?page_id=1189\">G\u00e4ddeg\u00e5rdens historia<\/a><\/p>\n\n\n\n<p><a href=\"http:\/\/brattensby.se\/?page_id=1246\">H\u00e4gnens historia<\/a><\/p>\n\n\n\n<p><a href=\"http:\/\/brattensby.se\/?page_id=1532\">Krogen<\/a><\/p>\n\n\n\n<p><a href=\"http:\/\/brattensby.se\/?page_id=1230\">Lilleg\u00e5rdens historia<\/a><\/p>\n\n\n\n<p><a href=\"http:\/\/brattensby.se\/?page_id=1226\">Nolg\u00e5rdens historia<\/a> (Lunda-Gerdas och Augustssons ing\u00e5r)<\/p>\n\n\n\n<p><a href=\"http:\/\/brattensby.se\/?page_id=1222\">Stommens historia<\/a><\/p>\n\n\n\n<p><a href=\"http:\/\/brattensby.se\/?page_id=1203\">Skatteg\u00e5rdens historia<\/a> (Ljung\u00e5s eller Lanzatorpet, Liskaheden, Bratthall och Brunnsbovad ing\u00e5r)<\/p>\n\n\n\n<p><a href=\"http:\/\/brattensby.se\/?page_id=1234\">S\u00e4teriets historia<\/a><\/p>\n\n\n\n<p><a href=\"http:\/\/brattensby.se\/?page_id=1239\">Uddetorps historia<\/a><\/p>\n\n\n\n<p><a href=\"http:\/\/brattensby.se\/?page_id=1171\">\u00d6sterg\u00e5rden historia<\/a><\/p>\n\n\n\n<p class=\"has-normal-font-size\"><em>Om texterna<\/em><\/p>\n\n\n\n<p>V\u00e5ren 1994 b\u00f6rjade jag l\u00e4sa Stig Hermanssons texter om g\u00e5rdarna i Br\u00e5ttensby och deras innehavare. Stig hade med utg\u00e5ngspunkt i husf\u00f6rh\u00f6rsl\u00e4ngderna som b\u00f6rjade f\u00f6ras 1768, skifteshandlingar, ministeriall\u00e4ngder, diverse andra skriftliga k\u00e4llor av olika slag och inte minst folkminnen, sammanst\u00e4llt ett detaljrikt material d\u00e4r som fascinerade mig som nyligen b\u00f6rjat sl\u00e4ktforska. Det som \u00e5terstod f\u00f6ref\u00f6ll mig vara att unders\u00f6ka f\u00f6rh\u00e5llandena l\u00e4ngre bak i tiden. N\u00e5got \u00e5r senare gick jag igenom f\u00f6delse- d\u00f6d- och vigselb\u00f6ckerna f\u00f6r Algutstorps pastorat f\u00f6r perioden f\u00f6re husf\u00f6rh\u00f6rsl\u00e4ngderna (1748-1767) och kunde d\u00e5 skymta en tidigare generation p\u00e5 flera g\u00e5rdar. N\u00e4sta steg var mantalsl\u00e4ngderna, och d\u00e4refter tillkom domb\u00f6cker, generalm\u00f6nsterrullor, landsboksverifikationer, boskapsl\u00e4ngder: kort sagt alla typer av \u00e4ldre k\u00e4llor. Forskningen gick i perioder och det sista rycket kom 2018 d\u00e5 jag metodiskt gick igenom Kullings h\u00e4rads \u00e4ldsta domb\u00f6cker. Allt detta har varit den b\u00e4sta f\u00f6rstr\u00f6else och hobby f\u00f6r mig, men tanken har kommit att det kan finnas andra som skulle vilja ta del av det jag hittat.<\/p>\n\n\n\n<p>Texterna ovan bygger p\u00e5 Stig Hermanssons texter och, s\u00e4rskilt f\u00f6r tiden fram till 1768, p\u00e5 min egen forskning. N\u00e4r det g\u00e4ller 1900-talet och fram\u00e5t finns fortfarande m\u00e5nga fr\u00e5getecken och om n\u00e5got kan l\u00e4ggas till eller justeras s\u00e5 f\u00e5r ni g\u00e4rna h\u00f6ra av er.<\/p>\n\n\n\n<p>Petter Johansson<\/p>\n\n\n\n<p><strong>Personer som har bidragit:<\/strong><\/p>\n\n\n\n<p>Ingvar Valdemarsson (diverse uppgifter)<\/p>\n\n\n\n<p>Bengt och Solveig Lundell (fotografier)<\/p>\n\n\n\n<p>Astrid Hermansson (fotografier)<\/p>\n\n\n\n<p>Lars Nordstr\u00f6m (fotografier)<\/p>\n","protected":false},"excerpt":{"rendered":"<p>Backg\u00e5rdens historia Friseg\u00e5rdens historia (Dyliden och F\u00f6lene 5:18 ing\u00e5r) Guntorps historia G\u00e4ddeg\u00e5rdens historia H\u00e4gnens historia Krogen Lilleg\u00e5rdens historia Nolg\u00e5rdens historia (Lunda-Gerdas och Augustssons ing\u00e5r) Stommens historia Skatteg\u00e5rdens historia (Ljung\u00e5s eller Lanzatorpet, Liskaheden, Bratthall och Brunnsbovad ing\u00e5r) S\u00e4teriets historia Uddetorps historia \u00d6sterg\u00e5rden historia Om texterna V\u00e5ren 1994 b\u00f6rjade jag l\u00e4sa Stig Hermanssons texter om g\u00e5rdarna i [&hellip;]<\/p>\n","protected":false},"author":1,"featured_media":0,"parent":0,"menu_order":0,"comment_status":"closed","ping_status":"closed","template":"","meta":{"footnotes":""},"class_list":["post-1160","page","type-page","status-publish","hentry","last-post"],"_links":{"self":[{"href":"https:\/\/brattensby.se\/index.php?rest_route=\/wp\/v2\/pages\/1160","targetHints":{"allow":["GET"]}}],"collection":[{"href":"https:\/\/brattensby.se\/index.php?rest_route=\/wp\/v2\/pages"}],"about":[{"href":"https:\/\/brattensby.se\/index.php?rest_route=\/wp\/v2\/types\/page"}],"author":[{"embeddable":true,"href":"https:\/\/brattensby.se\/index.php?rest_route=\/wp\/v2\/users\/1"}],"replies":[{"embeddable":true,"href":"https:\/\/brattensby.se\/index.php?rest_route=%2Fwp%2Fv2%2Fcomments&post=1160"}],"version-history":[{"count":33,"href":"https:\/\/brattensby.se\/index.php?rest_route=\/wp\/v2\/pages\/1160\/revisions"}],"predecessor-version":[{"id":2615,"href":"https:\/\/brattensby.se\/index.php?rest_route=\/wp\/v2\/pages\/1160\/revisions\/2615"}],"wp:attachment":[{"href":"https:\/\/brattensby.se\/index.php?rest_route=%2Fwp%2Fv2%2Fmedia&parent=1160"}],"curies":[{"name":"wp","href":"https:\/\/api.w.org\/{rel}","templated":true}]}}